{"id":103,"date":"2024-12-14T20:21:00","date_gmt":"2024-12-14T20:21:00","guid":{"rendered":"https:\/\/thcparis.com\/?page_id=103"},"modified":"2025-09-08T05:38:19","modified_gmt":"2025-09-08T05:38:19","slug":"signal-public-channel","status":"publish","type":"page","link":"https:\/\/thcparis.com\/index.php\/signal-public-channel\/","title":{"rendered":"Signal Public channel"},"content":{"rendered":"<p>30\/09\/2024<\/p>\n<p>Chers clients, amis, en raison de l\u2019arrestation de Pavel Durov et de sa collaboration avec la justice internationale, il n\u2019est plus possible de publier, de faire de la publicit\u00e9 ou de pr\u00f4ner tout type de substance, etc., \u00e0 cause de cela, nous abandonnons TELEGRAM, et nous chang\u00e9 en SIGNAL, o\u00f9 la confidentialit\u00e9 est respect\u00e9e, par cons\u00e9quent, et pour cette raison, nous avons cr\u00e9\u00e9 un canal public de type CHAT (nous n\u2019ouvrons jamais les canaux priv\u00e9s), o\u00f9 vous pouvez rejoindre, NOUS ACCEPTONS UNIQUEMENT les groupes priv\u00e9s pour les anciens clients pr\u00e9alablement v\u00e9rifi\u00e9s des raisons \u00e9videntes de s\u00e9curit\u00e9.<\/p>\n<p>&nbsp;<\/p>\n<p>LINK Signal pour Hachisbueno.com, CMM et tous les sites Web.<\/p>\n<p>&nbsp;<\/p>\n<p>&nbsp;<\/p>\n<p><a href=\"https:\/\/signal.group\/#CjQKILIV4L1bds5vV5amwW37jnvl47fRzw0c12Yhyl7BTjMvEhBvSq5f7wzKmZZ_K_WunAhs\">https:\/\/signal.group\/#CjQKILIV4L1bds5vV5amwW37jnvl47fRzw0c12Yhyl7BTjMvEhBvSq5f7wzKmZZ_K_WunAhs<\/a><\/p>\n<p>@cmmleomadrid.65 &#8211; signal<\/p>\n<div class='smartthreema_box'><img src='https:\/\/thcparis.com\/wp-content\/plugins\/smart-threema\/images\/floating-button-threema-klein.png' class='smartthreema_img'><a href='https:\/\/three.ma\/JHXT6HHA' target='_blank' class='smartthreema_link'>Please Download Threema App<\/a><br><div class='smartthreema_minimsg'>to your Mobile Device and click again<\/div><\/div>","protected":false},"excerpt":{"rendered":"<p>30\/09\/2024 Chers clients, amis, en raison de l\u2019arrestation de Pavel Durov et de sa collaboration avec la justice internationale, il n\u2019est plus possible de publier, de faire de la publicit\u00e9 ou de pr\u00f4ner tout type de substance, etc., \u00e0 cause de cela, nous abandonnons TELEGRAM, et nous chang\u00e9 en SIGNAL, o\u00f9 la confidentialit\u00e9 est respect\u00e9e, [&hellip;]<\/p>\n","protected":false},"author":1,"featured_media":0,"parent":0,"menu_order":0,"comment_status":"closed","ping_status":"closed","template":"","meta":{"footnotes":""},"class_list":["post-103","page","type-page","status-publish","hentry"],"yoast_head":"<!-- This site is optimized with the Yoast SEO plugin v27.4 - https:\/\/yoast.com\/product\/yoast-seo-wordpress\/ -->\n<title>Signal Public channel - Acheter Cannabis Paris - Livraison Cannabis - 420 france - Principal Whatsapp+34677084290 SIGNAL - yeffy (no english support) - Secundario AttCliente Whatsapp-Telegram +34664537342&nbsp;@cmmleomadrid.65 &ndash; CMM SIGNAL @cmmleomadrid.65 &ndash; Leo (English support) - panterarosa1772@gmail.com - Threema: JHXT6HHA<\/title>\n<meta name=\"description\" content=\"Acheter Amnesia Haze THC Paris Bitcoin darknet ,Acheter Amnesia Haze THC Paris Bitcoin darknet ,Acheter Amnesia Haze THC Paris Bitcoin darknet ,Acheter Amnesia Haze THC Paris Bitcoin darknet\" \/>\n<meta name=\"robots\" content=\"index, follow, max-snippet:-1, max-image-preview:large, max-video-preview:-1\" \/>\n<link rel=\"canonical\" href=\"https:\/\/thcparis.com\/index.php\/signal-public-channel\/\" \/>\n<meta property=\"og:locale\" content=\"fr_FR\" \/>\n<meta property=\"og:type\" content=\"article\" \/>\n<meta property=\"og:title\" content=\"Signal Public channel - Acheter Cannabis Paris - Livraison Cannabis - 420 france - Principal Whatsapp+34677084290 SIGNAL - yeffy (no english support) - Secundario AttCliente Whatsapp-Telegram +34664537342&nbsp;@cmmleomadrid.65 &ndash; CMM SIGNAL @cmmleomadrid.65 &ndash; Leo (English support) - panterarosa1772@gmail.com - Threema: JHXT6HHA\" \/>\n<meta property=\"og:description\" content=\"Acheter Amnesia Haze THC Paris Bitcoin darknet ,Acheter Amnesia Haze THC Paris Bitcoin darknet ,Acheter Amnesia Haze THC Paris Bitcoin darknet ,Acheter Amnesia Haze THC Paris Bitcoin darknet\" \/>\n<meta property=\"og:url\" content=\"https:\/\/thcparis.com\/index.php\/signal-public-channel\/\" \/>\n<meta property=\"og:site_name\" content=\"Acheter Cannabis Paris - Livraison Cannabis - 420 france - Principal Whatsapp+34677084290 SIGNAL - yeffy (no english support) - Secundario AttCliente Whatsapp-Telegram +34664537342&nbsp;@cmmleomadrid.65 &ndash; CMM SIGNAL @cmmleomadrid.65 &ndash; Leo (English support) - panterarosa1772@gmail.com - Threema: JHXT6HHA\" \/>\n<meta property=\"article:modified_time\" content=\"2025-09-08T05:38:19+00:00\" \/>\n<meta name=\"twitter:card\" content=\"summary_large_image\" \/>\n<meta name=\"twitter:label1\" content=\"Dur\u00e9e de lecture estim\u00e9e\" \/>\n\t<meta name=\"twitter:data1\" content=\"1 minute\" \/>\n<script type=\"application\/ld+json\" class=\"yoast-schema-graph\">{\"@context\":\"https:\\\/\\\/schema.org\",\"@graph\":[{\"@type\":\"WebPage\",\"@id\":\"https:\\\/\\\/thcparis.com\\\/index.php\\\/signal-public-channel\\\/\",\"url\":\"https:\\\/\\\/thcparis.com\\\/index.php\\\/signal-public-channel\\\/\",\"name\":\"Signal Public channel - Acheter Cannabis Paris - Livraison Cannabis - 420 france - Principal Whatsapp+34677084290 SIGNAL - yeffy (no english support) - Secundario AttCliente Whatsapp-Telegram +34664537342&nbsp;@cmmleomadrid.65 &ndash; CMM SIGNAL @cmmleomadrid.65 &ndash; Leo (English support) - panterarosa1772@gmail.com - Threema: JHXT6HHA\",\"isPartOf\":{\"@id\":\"https:\\\/\\\/thcparis.com\\\/#website\"},\"datePublished\":\"2024-12-14T20:21:00+00:00\",\"dateModified\":\"2025-09-08T05:38:19+00:00\",\"description\":\"Acheter Amnesia Haze THC Paris Bitcoin darknet ,Acheter Amnesia Haze THC Paris Bitcoin darknet ,Acheter Amnesia Haze THC Paris Bitcoin darknet ,Acheter Amnesia Haze THC Paris Bitcoin darknet\",\"breadcrumb\":{\"@id\":\"https:\\\/\\\/thcparis.com\\\/index.php\\\/signal-public-channel\\\/#breadcrumb\"},\"inLanguage\":\"fr-FR\",\"potentialAction\":[{\"@type\":\"ReadAction\",\"target\":[\"https:\\\/\\\/thcparis.com\\\/index.php\\\/signal-public-channel\\\/\"]}]},{\"@type\":\"BreadcrumbList\",\"@id\":\"https:\\\/\\\/thcparis.com\\\/index.php\\\/signal-public-channel\\\/#breadcrumb\",\"itemListElement\":[{\"@type\":\"ListItem\",\"position\":1,\"name\":\"Accueil\",\"item\":\"https:\\\/\\\/thcparis.com\\\/\"},{\"@type\":\"ListItem\",\"position\":2,\"name\":\"Signal Public channel\"}]},{\"@type\":\"WebSite\",\"@id\":\"https:\\\/\\\/thcparis.com\\\/#website\",\"url\":\"https:\\\/\\\/thcparis.com\\\/\",\"name\":\"Acheter Cannabis Paris - Livraison Cannabis - 420 france - Principal Whatsapp+34677084290 SIGNAL - yeffy (no english support) - Secundario AttCliente Whatsapp +34603657496 SIGNAL - Leo (English support) - panterarosa1772@gmail.com\",\"description\":\"fumer du cannabis, Paris, quartiers de Paris, marijuana, herbe, cannabis, THC, CBD, joints, vaporisateur, fumer en public, consommation de cannabis, l\u00e9gislation du cannabis, consommation responsable, fumer \u00e0 Paris, cannabis r\u00e9cr\u00e9atif, cannabis th\u00e9rapeutique, fum\u00e9e de cannabis, culture urbaine, Paris 1er, Paris 2e, Paris 3e, Paris 4e, Paris 5e, Paris 6e, Paris 7e, Paris 8e, Paris 9e, Paris 10e, Paris 11e, Paris 12e, Paris 13e, Paris 14e, Paris 15e, Paris 16e, Paris 17e, Paris 18e, Paris 19e, Paris 20e, Montmartre, Le Marais, Saint-Germain-des-Pr\u00e9s, Belleville, Canal Saint-Martin, Le Quartier Latin, Pigalle, Champs-\u00c9lys\u00e9es, Bastille, R\u00e9publique, Place de la Concorde, Trocad\u00e9ro, Luxembourg, Les Halles, Gare du Nord, Gare de Lyon, La D\u00e9fense, Montparnasse, Le Panth\u00e9on, Jardin des Plantes, Parc des Buttes-Chaumont, Paris intra-muros, banlieue parisienne, culture du cannabis \u00e0 Paris, r\u00e9glementation du cannabis \u00e0 Paris, consommation en dehors de chez soi, interdiction de fumer, fumer dans la rue, l\u00e9gislation sur le cannabis en France, contr\u00f4le de police, amende pour cannabis, consommation \u00e0 domicile, consommation priv\u00e9e, fumer \u00e0 domicile,\",\"publisher\":{\"@id\":\"https:\\\/\\\/thcparis.com\\\/#organization\"},\"potentialAction\":[{\"@type\":\"SearchAction\",\"target\":{\"@type\":\"EntryPoint\",\"urlTemplate\":\"https:\\\/\\\/thcparis.com\\\/?s={search_term_string}\"},\"query-input\":{\"@type\":\"PropertyValueSpecification\",\"valueRequired\":true,\"valueName\":\"search_term_string\"}}],\"inLanguage\":\"fr-FR\"},{\"@type\":\"Organization\",\"@id\":\"https:\\\/\\\/thcparis.com\\\/#organization\",\"name\":\"Acheter Cannabis Paris - Livraison Cannabis - 420 france - Principal Whatsapp+34677084290 SIGNAL - yeffy (no english support) - Secundario AttCliente Whatsapp +34603657496 SIGNAL - Leo (English support) - panterarosa1772@gmail.com\",\"url\":\"https:\\\/\\\/thcparis.com\\\/\",\"logo\":{\"@type\":\"ImageObject\",\"inLanguage\":\"fr-FR\",\"@id\":\"https:\\\/\\\/thcparis.com\\\/#\\\/schema\\\/logo\\\/image\\\/\",\"url\":\"https:\\\/\\\/thcparis.com\\\/wp-content\\\/uploads\\\/2024\\\/12\\\/cropped-images-2.jpg\",\"contentUrl\":\"https:\\\/\\\/thcparis.com\\\/wp-content\\\/uploads\\\/2024\\\/12\\\/cropped-images-2.jpg\",\"width\":512,\"height\":512,\"caption\":\"Acheter Cannabis Paris - Livraison Cannabis - 420 france - Principal Whatsapp+34677084290 SIGNAL - yeffy (no english support) - Secundario AttCliente Whatsapp +34603657496 SIGNAL - Leo (English support) - panterarosa1772@gmail.com\"},\"image\":{\"@id\":\"https:\\\/\\\/thcparis.com\\\/#\\\/schema\\\/logo\\\/image\\\/\"}}]}<\/script>\n<!-- \/ Yoast SEO plugin. -->","yoast_head_json":{"title":"Signal Public channel - Acheter Cannabis Paris - Livraison Cannabis - 420 france - Principal Whatsapp+34677084290 SIGNAL - yeffy (no english support) - Secundario AttCliente Whatsapp-Telegram +34664537342&nbsp;@cmmleomadrid.65 &ndash; CMM SIGNAL @cmmleomadrid.65 &ndash; Leo (English support) - panterarosa1772@gmail.com - Threema: JHXT6HHA","description":"Acheter Amnesia Haze THC Paris Bitcoin darknet ,Acheter Amnesia Haze THC Paris Bitcoin darknet ,Acheter Amnesia Haze THC Paris Bitcoin darknet ,Acheter Amnesia Haze THC Paris Bitcoin darknet","robots":{"index":"index","follow":"follow","max-snippet":"max-snippet:-1","max-image-preview":"max-image-preview:large","max-video-preview":"max-video-preview:-1"},"canonical":"https:\/\/thcparis.com\/index.php\/signal-public-channel\/","og_locale":"fr_FR","og_type":"article","og_title":"Signal Public channel - Acheter Cannabis Paris - Livraison Cannabis - 420 france - Principal Whatsapp+34677084290 SIGNAL - yeffy (no english support) - Secundario AttCliente Whatsapp-Telegram +34664537342&nbsp;@cmmleomadrid.65 &ndash; CMM SIGNAL @cmmleomadrid.65 &ndash; Leo (English support) - panterarosa1772@gmail.com - Threema: JHXT6HHA","og_description":"Acheter Amnesia Haze THC Paris Bitcoin darknet ,Acheter Amnesia Haze THC Paris Bitcoin darknet ,Acheter Amnesia Haze THC Paris Bitcoin darknet ,Acheter Amnesia Haze THC Paris Bitcoin darknet","og_url":"https:\/\/thcparis.com\/index.php\/signal-public-channel\/","og_site_name":"Acheter Cannabis Paris - Livraison Cannabis - 420 france - Principal Whatsapp+34677084290 SIGNAL - yeffy (no english support) - Secundario AttCliente Whatsapp-Telegram +34664537342&nbsp;@cmmleomadrid.65 &ndash; CMM SIGNAL @cmmleomadrid.65 &ndash; Leo (English support) - panterarosa1772@gmail.com - Threema: JHXT6HHA","article_modified_time":"2025-09-08T05:38:19+00:00","twitter_card":"summary_large_image","twitter_misc":{"Dur\u00e9e de lecture estim\u00e9e":"1 minute"},"schema":{"@context":"https:\/\/schema.org","@graph":[{"@type":"WebPage","@id":"https:\/\/thcparis.com\/index.php\/signal-public-channel\/","url":"https:\/\/thcparis.com\/index.php\/signal-public-channel\/","name":"Signal Public channel - Acheter Cannabis Paris - Livraison Cannabis - 420 france - Principal Whatsapp+34677084290 SIGNAL - yeffy (no english support) - Secundario AttCliente Whatsapp-Telegram +34664537342&nbsp;@cmmleomadrid.65 &ndash; CMM SIGNAL @cmmleomadrid.65 &ndash; Leo (English support) - panterarosa1772@gmail.com - Threema: JHXT6HHA","isPartOf":{"@id":"https:\/\/thcparis.com\/#website"},"datePublished":"2024-12-14T20:21:00+00:00","dateModified":"2025-09-08T05:38:19+00:00","description":"Acheter Amnesia Haze THC Paris Bitcoin darknet ,Acheter Amnesia Haze THC Paris Bitcoin darknet ,Acheter Amnesia Haze THC Paris Bitcoin darknet ,Acheter Amnesia Haze THC Paris Bitcoin darknet","breadcrumb":{"@id":"https:\/\/thcparis.com\/index.php\/signal-public-channel\/#breadcrumb"},"inLanguage":"fr-FR","potentialAction":[{"@type":"ReadAction","target":["https:\/\/thcparis.com\/index.php\/signal-public-channel\/"]}]},{"@type":"BreadcrumbList","@id":"https:\/\/thcparis.com\/index.php\/signal-public-channel\/#breadcrumb","itemListElement":[{"@type":"ListItem","position":1,"name":"Accueil","item":"https:\/\/thcparis.com\/"},{"@type":"ListItem","position":2,"name":"Signal Public channel"}]},{"@type":"WebSite","@id":"https:\/\/thcparis.com\/#website","url":"https:\/\/thcparis.com\/","name":"Acheter Cannabis Paris - Livraison Cannabis - 420 france - Principal Whatsapp+34677084290 SIGNAL - yeffy (no english support) - Secundario AttCliente Whatsapp +34603657496 SIGNAL - Leo (English support) - panterarosa1772@gmail.com","description":"fumer du cannabis, Paris, quartiers de Paris, marijuana, herbe, cannabis, THC, CBD, joints, vaporisateur, fumer en public, consommation de cannabis, l\u00e9gislation du cannabis, consommation responsable, fumer \u00e0 Paris, cannabis r\u00e9cr\u00e9atif, cannabis th\u00e9rapeutique, fum\u00e9e de cannabis, culture urbaine, Paris 1er, Paris 2e, Paris 3e, Paris 4e, Paris 5e, Paris 6e, Paris 7e, Paris 8e, Paris 9e, Paris 10e, Paris 11e, Paris 12e, Paris 13e, Paris 14e, Paris 15e, Paris 16e, Paris 17e, Paris 18e, Paris 19e, Paris 20e, Montmartre, Le Marais, Saint-Germain-des-Pr\u00e9s, Belleville, Canal Saint-Martin, Le Quartier Latin, Pigalle, Champs-\u00c9lys\u00e9es, Bastille, R\u00e9publique, Place de la Concorde, Trocad\u00e9ro, Luxembourg, Les Halles, Gare du Nord, Gare de Lyon, La D\u00e9fense, Montparnasse, Le Panth\u00e9on, Jardin des Plantes, Parc des Buttes-Chaumont, Paris intra-muros, banlieue parisienne, culture du cannabis \u00e0 Paris, r\u00e9glementation du cannabis \u00e0 Paris, consommation en dehors de chez soi, interdiction de fumer, fumer dans la rue, l\u00e9gislation sur le cannabis en France, contr\u00f4le de police, amende pour cannabis, consommation \u00e0 domicile, consommation priv\u00e9e, fumer \u00e0 domicile,","publisher":{"@id":"https:\/\/thcparis.com\/#organization"},"potentialAction":[{"@type":"SearchAction","target":{"@type":"EntryPoint","urlTemplate":"https:\/\/thcparis.com\/?s={search_term_string}"},"query-input":{"@type":"PropertyValueSpecification","valueRequired":true,"valueName":"search_term_string"}}],"inLanguage":"fr-FR"},{"@type":"Organization","@id":"https:\/\/thcparis.com\/#organization","name":"Acheter Cannabis Paris - Livraison Cannabis - 420 france - Principal Whatsapp+34677084290 SIGNAL - yeffy (no english support) - Secundario AttCliente Whatsapp +34603657496 SIGNAL - Leo (English support) - panterarosa1772@gmail.com","url":"https:\/\/thcparis.com\/","logo":{"@type":"ImageObject","inLanguage":"fr-FR","@id":"https:\/\/thcparis.com\/#\/schema\/logo\/image\/","url":"https:\/\/thcparis.com\/wp-content\/uploads\/2024\/12\/cropped-images-2.jpg","contentUrl":"https:\/\/thcparis.com\/wp-content\/uploads\/2024\/12\/cropped-images-2.jpg","width":512,"height":512,"caption":"Acheter Cannabis Paris - Livraison Cannabis - 420 france - Principal Whatsapp+34677084290 SIGNAL - yeffy (no english support) - Secundario AttCliente Whatsapp +34603657496 SIGNAL - Leo (English support) - panterarosa1772@gmail.com"},"image":{"@id":"https:\/\/thcparis.com\/#\/schema\/logo\/image\/"}}]}},"_links":{"self":[{"href":"https:\/\/thcparis.com\/index.php\/wp-json\/wp\/v2\/pages\/103","targetHints":{"allow":["GET"]}}],"collection":[{"href":"https:\/\/thcparis.com\/index.php\/wp-json\/wp\/v2\/pages"}],"about":[{"href":"https:\/\/thcparis.com\/index.php\/wp-json\/wp\/v2\/types\/page"}],"author":[{"embeddable":true,"href":"https:\/\/thcparis.com\/index.php\/wp-json\/wp\/v2\/users\/1"}],"replies":[{"embeddable":true,"href":"https:\/\/thcparis.com\/index.php\/wp-json\/wp\/v2\/comments?post=103"}],"version-history":[{"count":0,"href":"https:\/\/thcparis.com\/index.php\/wp-json\/wp\/v2\/pages\/103\/revisions"}],"wp:attachment":[{"href":"https:\/\/thcparis.com\/index.php\/wp-json\/wp\/v2\/media?parent=103"}],"curies":[{"name":"wp","href":"https:\/\/api.w.org\/{rel}","templated":true}]}}