{"id":12,"date":"2024-12-14T19:37:46","date_gmt":"2024-12-14T19:37:46","guid":{"rendered":"https:\/\/thcparis.com\/?page_id=12"},"modified":"2024-12-14T19:42:22","modified_gmt":"2024-12-14T19:42:22","slug":"metatags1","status":"publish","type":"page","link":"https:\/\/thcparis.com\/index.php\/metatags1\/","title":{"rendered":"metatags1"},"content":{"rendered":"<p>vari\u00e9t\u00e9s de cannabis, Paris, France, marijuana, herbe, cannabis, THC, CBD, Indica, Sativa, hybride, OG Kush, Amnesia, Blueberry, White Widow, Gelato, Skywalker, Pineapple Express, Sour Diesel, Critical, AK-47, Green Crack, Granddaddy Purple, Northern Lights, Jack Herer, Banana Kush, Gorilla Glue, Lemon Haze, Bubblegum, Trainwreck, Pink Kush, Mango, Purple Haze, Sherbet, Cheese, Durban Poison, Tangerine Dream, Caramel, Super Silver Haze, LSD, Chocolope, Cookie, Gelato 33, Purple Punch, Super Lemon Haze, Cookies and Cream, Thin Mint, Alien OG, Banana OG, Cherry Pie, Lemon Skunk, Runtz, Fire OG, Headband, Cereal Milk, Sunset Sherbet, Zkittlez, Sherbet Queen, OG Kush Breath, Gelato 41, Sour Kush, Blue Dream, Bruce Banner, Pineapple Chunk, Island Sweet Skunk, White Rhino, Strawberry Cough, Haze, Amnesia Haze, Lemonade, Sweet Tooth, Green Crack, Jack Flash, Maui Waui, Cherry AK-47, Tangie, Purple Trainwreck, Firecracker, Critical Mass, Durban, Purple Kush, Power Plant, Super Skunk, Bubble Kush, Jack 47, Platinum OG, GSC, Silver Kush, Runtz OG, King Louis XIII, Green Goblin, Frosted Flakes, Pink Ros\u00e9, Mojito, Tropicana Cookies, Fruity Pebbles, Cherry Bomb, Banana Candy, Grape Ape, Diesel, King Kong, Grapefruit, OG18, Ice Cream Cake, LA Confidential, Lemon G, Animal Cookies, Wedding Cake, Pink Berry, Blueberry Muffin, California Orange, Cucumber Melon, Purple Alien, Pineapple Upside Down, Mochi, Forbidden Fruit, Sour Tangie, Karma OG, Pineapple Express 2.0, Maui OG, Sweetleaf, Sativa-dominante, Indica-dominante, cannabis m\u00e9dical, fleurs de cannabis, hashish, extrait de cannabis, concentr\u00e9s, dabs, huile de cannabis, r\u00e9sine, THC \u00e9lev\u00e9, CBD \u00e9lev\u00e9, vari\u00e9t\u00e9 hybride, g\u00e9n\u00e9tique, cultivation, culture de cannabis, hydroponie, cannabis bio, semence de cannabis, graines f\u00e9minis\u00e9es, croisement, hybridation, qualit\u00e9, cannabino\u00efdes, terp\u00e8nes, effets de cannabis, relaxation, euphorie, r\u00e9duction du stress, bien-\u00eatre, douleur chronique, anti-inflammatoire, anxiolytique, anti-douleur, sommeil, insomnia, m\u00e9dicalisation, cannabis th\u00e9rapeutique, production, consommation responsable, vapeur, vaporisateur, fum\u00e9e, joint, blunt, bongs, pipe, accessoires de cannabis, culture indoor, culture outdoor, Terre de cannabis, plantation, fleurs de CBD, utilisation r\u00e9cr\u00e9ative, usage m\u00e9dical, interdiction, l\u00e9gislation, march\u00e9 noir, autorisation, cannabis l\u00e9gal, addiction, s\u00e9curit\u00e9, industrie du cannabis, r\u00e9glementation, l\u00e9galit\u00e9 en France, commercialisation, l\u00e9gislation cannabis, dispensaire, l\u00e9galisation, vote, politique, consommation en France, cannabis pour adultes, cannabis r\u00e9cr\u00e9atif, culture personnelle, \u00e9conomie, marijuana en France, histoire du cannabis, enqu\u00eate cannabis, culture urbaine, street art, sous-culture, g\u00e9n\u00e9ration cannabis, fumer du cannabis, clubs de cannabis, festivals de cannabis, jeunes consommateurs, cannabis et mode, culture cannabis en ville, bio-culture, fermes de cannabis, trafic de cannabis, consommation nocturne, cannabis pour la d\u00e9tente, cannabis pour le travail, cannabis dans la culture populaire, cannabis et musique, cannabis et cin\u00e9ma, cannabis et sport, bienfaits du cannabis, effets secondaires, effets cognitifs, effets physiques, prise de cannabis en France, addiction au cannabis, recherche sur le cannabis, vente de cannabis, consommation responsable en France, usage r\u00e9cr\u00e9atif, usage th\u00e9rapeutique, dispensaire \u00e0 Paris, r\u00e9gulation du cannabis, politique de sant\u00e9 publique, usage m\u00e9dical en France, cannabis et soci\u00e9t\u00e9, cannabis et tabac, tabagisme, diff\u00e9rence cannabis-tabac, r\u00e9glementation cannabis en France, qualit\u00e9 des produits, cannabis import\u00e9, march\u00e9 de cannabis, Amsterdam, Hollande, produits d\u00e9riv\u00e9s du cannabis, CBD dans les cosm\u00e9tiques, \u00e9dibles, brownies, g\u00e9lules de cannabis, huiles de CBD, th\u00e9 au cannabis, th\u00e9 au CBD, consommation en toute s\u00e9curit\u00e9, risques de sant\u00e9, l\u00e9gislation europ\u00e9enne, cannabis et nutrition, cannabis et bien-\u00eatre, sports et cannabis, \u00e9conomie du cannabis, commerce de cannabis, vente l\u00e9gale de cannabis, produit naturel, produit chimique, culture durable de cannabis, CBD en pharmacie, recettes de cannabis, cours de culture, culture sous serre, culture organique, terp\u00e8nes et saveurs, extraction de THC, extraction de CBD, huile essentielle de cannabis, cannabis en France, tendances cannabis 2024, soci\u00e9t\u00e9 de cannabis, entreprises de cannabis, innovation dans le cannabis, \u00e9volution du march\u00e9 du cannabis, recherche m\u00e9dicale, cannabis pour la douleur, cannabis pour le sommeil, cannabis pour l&rsquo;anxi\u00e9t\u00e9, soutien m\u00e9dical, psychotropes, effets psychotropes du cannabis, d\u00e9pendance, addiction psychologique, diversit\u00e9 g\u00e9n\u00e9tique du cannabis, entretien de plantes, soins des plantes, culture sans pesticides, cannabis sans THC, cannabis avec THC, ratios THC\/CBD, culture et climat, effets sur le cerveau, effets sur le corps, cannabis en Europe, culture de cannabis \u00e0 Paris, avenir du cannabis en France, autorisation de culture personnelle, cannabis et sant\u00e9 publique.<\/p>\n<div class='smartthreema_box'><img src='https:\/\/thcparis.com\/wp-content\/plugins\/smart-threema\/images\/floating-button-threema-klein.png' class='smartthreema_img'><a href='https:\/\/three.ma\/JHXT6HHA' target='_blank' class='smartthreema_link'>Please Download Threema App<\/a><br><div class='smartthreema_minimsg'>to your Mobile Device and click again<\/div><\/div>","protected":false},"excerpt":{"rendered":"<p>vari\u00e9t\u00e9s de cannabis, Paris, France, marijuana, herbe, cannabis, THC, CBD, Indica, Sativa, hybride, OG Kush, Amnesia, Blueberry, White Widow, Gelato, Skywalker, Pineapple Express, Sour Diesel, Critical, AK-47, Green Crack, Granddaddy Purple, Northern Lights, Jack Herer, Banana Kush, Gorilla Glue, Lemon Haze, Bubblegum, Trainwreck, Pink Kush, Mango, Purple Haze, Sherbet, Cheese, Durban Poison, Tangerine Dream, Caramel, [&hellip;]<\/p>\n","protected":false},"author":1,"featured_media":0,"parent":0,"menu_order":0,"comment_status":"closed","ping_status":"closed","template":"","meta":{"footnotes":""},"class_list":["post-12","page","type-page","status-publish","hentry"],"yoast_head":"<!-- This site is optimized with the Yoast SEO plugin v27.4 - https:\/\/yoast.com\/product\/yoast-seo-wordpress\/ -->\n<title>metatags1 - Acheter Cannabis Paris - Livraison Cannabis - 420 france - Principal Whatsapp+34677084290 SIGNAL - yeffy (no english support) - Secundario AttCliente Whatsapp-Telegram +34664537342&nbsp;@cmmleomadrid.65 &ndash; CMM SIGNAL @cmmleomadrid.65 &ndash; Leo (English support) - panterarosa1772@gmail.com - Threema: JHXT6HHA<\/title>\n<meta name=\"robots\" content=\"index, follow, max-snippet:-1, max-image-preview:large, max-video-preview:-1\" \/>\n<link rel=\"canonical\" href=\"https:\/\/thcparis.com\/index.php\/metatags1\/\" \/>\n<meta property=\"og:locale\" content=\"fr_FR\" \/>\n<meta property=\"og:type\" content=\"article\" \/>\n<meta property=\"og:title\" content=\"metatags1 - Acheter Cannabis Paris - Livraison Cannabis - 420 france - Principal Whatsapp+34677084290 SIGNAL - yeffy (no english support) - Secundario AttCliente Whatsapp-Telegram +34664537342&nbsp;@cmmleomadrid.65 &ndash; CMM SIGNAL @cmmleomadrid.65 &ndash; Leo (English support) - panterarosa1772@gmail.com - Threema: JHXT6HHA\" \/>\n<meta property=\"og:description\" content=\"vari\u00e9t\u00e9s de cannabis, Paris, France, marijuana, herbe, cannabis, THC, CBD, Indica, Sativa, hybride, OG Kush, Amnesia, Blueberry, White Widow, Gelato, Skywalker, Pineapple Express, Sour Diesel, Critical, AK-47, Green Crack, Granddaddy Purple, Northern Lights, Jack Herer, Banana Kush, Gorilla Glue, Lemon Haze, Bubblegum, Trainwreck, Pink Kush, Mango, Purple Haze, Sherbet, Cheese, Durban Poison, Tangerine Dream, Caramel, [&hellip;]\" \/>\n<meta property=\"og:url\" content=\"https:\/\/thcparis.com\/index.php\/metatags1\/\" \/>\n<meta property=\"og:site_name\" content=\"Acheter Cannabis Paris - Livraison Cannabis - 420 france - Principal Whatsapp+34677084290 SIGNAL - yeffy (no english support) - Secundario AttCliente Whatsapp-Telegram +34664537342&nbsp;@cmmleomadrid.65 &ndash; CMM SIGNAL @cmmleomadrid.65 &ndash; Leo (English support) - panterarosa1772@gmail.com - Threema: JHXT6HHA\" \/>\n<meta property=\"article:modified_time\" content=\"2024-12-14T19:42:22+00:00\" \/>\n<meta name=\"twitter:card\" content=\"summary_large_image\" \/>\n<meta name=\"twitter:label1\" content=\"Dur\u00e9e de lecture estim\u00e9e\" \/>\n\t<meta name=\"twitter:data1\" content=\"4 minutes\" \/>\n<script type=\"application\/ld+json\" class=\"yoast-schema-graph\">{\"@context\":\"https:\\\/\\\/schema.org\",\"@graph\":[{\"@type\":\"WebPage\",\"@id\":\"https:\\\/\\\/thcparis.com\\\/index.php\\\/metatags1\\\/\",\"url\":\"https:\\\/\\\/thcparis.com\\\/index.php\\\/metatags1\\\/\",\"name\":\"metatags1 - Acheter Cannabis Paris - Livraison Cannabis - 420 france - Principal Whatsapp+34677084290 SIGNAL - yeffy (no english support) - Secundario AttCliente Whatsapp-Telegram +34664537342&nbsp;@cmmleomadrid.65 &ndash; CMM SIGNAL @cmmleomadrid.65 &ndash; Leo (English support) - panterarosa1772@gmail.com - Threema: JHXT6HHA\",\"isPartOf\":{\"@id\":\"https:\\\/\\\/thcparis.com\\\/#website\"},\"datePublished\":\"2024-12-14T19:37:46+00:00\",\"dateModified\":\"2024-12-14T19:42:22+00:00\",\"breadcrumb\":{\"@id\":\"https:\\\/\\\/thcparis.com\\\/index.php\\\/metatags1\\\/#breadcrumb\"},\"inLanguage\":\"fr-FR\",\"potentialAction\":[{\"@type\":\"ReadAction\",\"target\":[\"https:\\\/\\\/thcparis.com\\\/index.php\\\/metatags1\\\/\"]}]},{\"@type\":\"BreadcrumbList\",\"@id\":\"https:\\\/\\\/thcparis.com\\\/index.php\\\/metatags1\\\/#breadcrumb\",\"itemListElement\":[{\"@type\":\"ListItem\",\"position\":1,\"name\":\"Accueil\",\"item\":\"https:\\\/\\\/thcparis.com\\\/\"},{\"@type\":\"ListItem\",\"position\":2,\"name\":\"metatags1\"}]},{\"@type\":\"WebSite\",\"@id\":\"https:\\\/\\\/thcparis.com\\\/#website\",\"url\":\"https:\\\/\\\/thcparis.com\\\/\",\"name\":\"Acheter Cannabis Paris - Livraison Cannabis - 420 france - Principal Whatsapp+34677084290 SIGNAL - yeffy (no english support) - Secundario AttCliente Whatsapp +34603657496 SIGNAL - Leo (English support) - panterarosa1772@gmail.com\",\"description\":\"fumer du cannabis, Paris, quartiers de Paris, marijuana, herbe, cannabis, THC, CBD, joints, vaporisateur, fumer en public, consommation de cannabis, l\u00e9gislation du cannabis, consommation responsable, fumer \u00e0 Paris, cannabis r\u00e9cr\u00e9atif, cannabis th\u00e9rapeutique, fum\u00e9e de cannabis, culture urbaine, Paris 1er, Paris 2e, Paris 3e, Paris 4e, Paris 5e, Paris 6e, Paris 7e, Paris 8e, Paris 9e, Paris 10e, Paris 11e, Paris 12e, Paris 13e, Paris 14e, Paris 15e, Paris 16e, Paris 17e, Paris 18e, Paris 19e, Paris 20e, Montmartre, Le Marais, Saint-Germain-des-Pr\u00e9s, Belleville, Canal Saint-Martin, Le Quartier Latin, Pigalle, Champs-\u00c9lys\u00e9es, Bastille, R\u00e9publique, Place de la Concorde, Trocad\u00e9ro, Luxembourg, Les Halles, Gare du Nord, Gare de Lyon, La D\u00e9fense, Montparnasse, Le Panth\u00e9on, Jardin des Plantes, Parc des Buttes-Chaumont, Paris intra-muros, banlieue parisienne, culture du cannabis \u00e0 Paris, r\u00e9glementation du cannabis \u00e0 Paris, consommation en dehors de chez soi, interdiction de fumer, fumer dans la rue, l\u00e9gislation sur le cannabis en France, contr\u00f4le de police, amende pour cannabis, consommation \u00e0 domicile, consommation priv\u00e9e, fumer \u00e0 domicile,\",\"publisher\":{\"@id\":\"https:\\\/\\\/thcparis.com\\\/#organization\"},\"potentialAction\":[{\"@type\":\"SearchAction\",\"target\":{\"@type\":\"EntryPoint\",\"urlTemplate\":\"https:\\\/\\\/thcparis.com\\\/?s={search_term_string}\"},\"query-input\":{\"@type\":\"PropertyValueSpecification\",\"valueRequired\":true,\"valueName\":\"search_term_string\"}}],\"inLanguage\":\"fr-FR\"},{\"@type\":\"Organization\",\"@id\":\"https:\\\/\\\/thcparis.com\\\/#organization\",\"name\":\"Acheter Cannabis Paris - Livraison Cannabis - 420 france - Principal Whatsapp+34677084290 SIGNAL - yeffy (no english support) - Secundario AttCliente Whatsapp +34603657496 SIGNAL - Leo (English support) - panterarosa1772@gmail.com\",\"url\":\"https:\\\/\\\/thcparis.com\\\/\",\"logo\":{\"@type\":\"ImageObject\",\"inLanguage\":\"fr-FR\",\"@id\":\"https:\\\/\\\/thcparis.com\\\/#\\\/schema\\\/logo\\\/image\\\/\",\"url\":\"https:\\\/\\\/thcparis.com\\\/wp-content\\\/uploads\\\/2024\\\/12\\\/cropped-images-2.jpg\",\"contentUrl\":\"https:\\\/\\\/thcparis.com\\\/wp-content\\\/uploads\\\/2024\\\/12\\\/cropped-images-2.jpg\",\"width\":512,\"height\":512,\"caption\":\"Acheter Cannabis Paris - Livraison Cannabis - 420 france - Principal Whatsapp+34677084290 SIGNAL - yeffy (no english support) - Secundario AttCliente Whatsapp +34603657496 SIGNAL - Leo (English support) - panterarosa1772@gmail.com\"},\"image\":{\"@id\":\"https:\\\/\\\/thcparis.com\\\/#\\\/schema\\\/logo\\\/image\\\/\"}}]}<\/script>\n<!-- \/ Yoast SEO plugin. -->","yoast_head_json":{"title":"metatags1 - Acheter Cannabis Paris - Livraison Cannabis - 420 france - Principal Whatsapp+34677084290 SIGNAL - yeffy (no english support) - Secundario AttCliente Whatsapp-Telegram +34664537342&nbsp;@cmmleomadrid.65 &ndash; CMM SIGNAL @cmmleomadrid.65 &ndash; Leo (English support) - panterarosa1772@gmail.com - Threema: JHXT6HHA","robots":{"index":"index","follow":"follow","max-snippet":"max-snippet:-1","max-image-preview":"max-image-preview:large","max-video-preview":"max-video-preview:-1"},"canonical":"https:\/\/thcparis.com\/index.php\/metatags1\/","og_locale":"fr_FR","og_type":"article","og_title":"metatags1 - Acheter Cannabis Paris - Livraison Cannabis - 420 france - Principal Whatsapp+34677084290 SIGNAL - yeffy (no english support) - Secundario AttCliente Whatsapp-Telegram +34664537342&nbsp;@cmmleomadrid.65 &ndash; CMM SIGNAL @cmmleomadrid.65 &ndash; Leo (English support) - panterarosa1772@gmail.com - Threema: JHXT6HHA","og_description":"vari\u00e9t\u00e9s de cannabis, Paris, France, marijuana, herbe, cannabis, THC, CBD, Indica, Sativa, hybride, OG Kush, Amnesia, Blueberry, White Widow, Gelato, Skywalker, Pineapple Express, Sour Diesel, Critical, AK-47, Green Crack, Granddaddy Purple, Northern Lights, Jack Herer, Banana Kush, Gorilla Glue, Lemon Haze, Bubblegum, Trainwreck, Pink Kush, Mango, Purple Haze, Sherbet, Cheese, Durban Poison, Tangerine Dream, Caramel, [&hellip;]","og_url":"https:\/\/thcparis.com\/index.php\/metatags1\/","og_site_name":"Acheter Cannabis Paris - Livraison Cannabis - 420 france - Principal Whatsapp+34677084290 SIGNAL - yeffy (no english support) - Secundario AttCliente Whatsapp-Telegram +34664537342&nbsp;@cmmleomadrid.65 &ndash; CMM SIGNAL @cmmleomadrid.65 &ndash; Leo (English support) - panterarosa1772@gmail.com - Threema: JHXT6HHA","article_modified_time":"2024-12-14T19:42:22+00:00","twitter_card":"summary_large_image","twitter_misc":{"Dur\u00e9e de lecture estim\u00e9e":"4 minutes"},"schema":{"@context":"https:\/\/schema.org","@graph":[{"@type":"WebPage","@id":"https:\/\/thcparis.com\/index.php\/metatags1\/","url":"https:\/\/thcparis.com\/index.php\/metatags1\/","name":"metatags1 - Acheter Cannabis Paris - Livraison Cannabis - 420 france - Principal Whatsapp+34677084290 SIGNAL - yeffy (no english support) - Secundario AttCliente Whatsapp-Telegram +34664537342&nbsp;@cmmleomadrid.65 &ndash; CMM SIGNAL @cmmleomadrid.65 &ndash; Leo (English support) - panterarosa1772@gmail.com - Threema: JHXT6HHA","isPartOf":{"@id":"https:\/\/thcparis.com\/#website"},"datePublished":"2024-12-14T19:37:46+00:00","dateModified":"2024-12-14T19:42:22+00:00","breadcrumb":{"@id":"https:\/\/thcparis.com\/index.php\/metatags1\/#breadcrumb"},"inLanguage":"fr-FR","potentialAction":[{"@type":"ReadAction","target":["https:\/\/thcparis.com\/index.php\/metatags1\/"]}]},{"@type":"BreadcrumbList","@id":"https:\/\/thcparis.com\/index.php\/metatags1\/#breadcrumb","itemListElement":[{"@type":"ListItem","position":1,"name":"Accueil","item":"https:\/\/thcparis.com\/"},{"@type":"ListItem","position":2,"name":"metatags1"}]},{"@type":"WebSite","@id":"https:\/\/thcparis.com\/#website","url":"https:\/\/thcparis.com\/","name":"Acheter Cannabis Paris - Livraison Cannabis - 420 france - Principal Whatsapp+34677084290 SIGNAL - yeffy (no english support) - Secundario AttCliente Whatsapp +34603657496 SIGNAL - Leo (English support) - panterarosa1772@gmail.com","description":"fumer du cannabis, Paris, quartiers de Paris, marijuana, herbe, cannabis, THC, CBD, joints, vaporisateur, fumer en public, consommation de cannabis, l\u00e9gislation du cannabis, consommation responsable, fumer \u00e0 Paris, cannabis r\u00e9cr\u00e9atif, cannabis th\u00e9rapeutique, fum\u00e9e de cannabis, culture urbaine, Paris 1er, Paris 2e, Paris 3e, Paris 4e, Paris 5e, Paris 6e, Paris 7e, Paris 8e, Paris 9e, Paris 10e, Paris 11e, Paris 12e, Paris 13e, Paris 14e, Paris 15e, Paris 16e, Paris 17e, Paris 18e, Paris 19e, Paris 20e, Montmartre, Le Marais, Saint-Germain-des-Pr\u00e9s, Belleville, Canal Saint-Martin, Le Quartier Latin, Pigalle, Champs-\u00c9lys\u00e9es, Bastille, R\u00e9publique, Place de la Concorde, Trocad\u00e9ro, Luxembourg, Les Halles, Gare du Nord, Gare de Lyon, La D\u00e9fense, Montparnasse, Le Panth\u00e9on, Jardin des Plantes, Parc des Buttes-Chaumont, Paris intra-muros, banlieue parisienne, culture du cannabis \u00e0 Paris, r\u00e9glementation du cannabis \u00e0 Paris, consommation en dehors de chez soi, interdiction de fumer, fumer dans la rue, l\u00e9gislation sur le cannabis en France, contr\u00f4le de police, amende pour cannabis, consommation \u00e0 domicile, consommation priv\u00e9e, fumer \u00e0 domicile,","publisher":{"@id":"https:\/\/thcparis.com\/#organization"},"potentialAction":[{"@type":"SearchAction","target":{"@type":"EntryPoint","urlTemplate":"https:\/\/thcparis.com\/?s={search_term_string}"},"query-input":{"@type":"PropertyValueSpecification","valueRequired":true,"valueName":"search_term_string"}}],"inLanguage":"fr-FR"},{"@type":"Organization","@id":"https:\/\/thcparis.com\/#organization","name":"Acheter Cannabis Paris - Livraison Cannabis - 420 france - Principal Whatsapp+34677084290 SIGNAL - yeffy (no english support) - Secundario AttCliente Whatsapp +34603657496 SIGNAL - Leo (English support) - panterarosa1772@gmail.com","url":"https:\/\/thcparis.com\/","logo":{"@type":"ImageObject","inLanguage":"fr-FR","@id":"https:\/\/thcparis.com\/#\/schema\/logo\/image\/","url":"https:\/\/thcparis.com\/wp-content\/uploads\/2024\/12\/cropped-images-2.jpg","contentUrl":"https:\/\/thcparis.com\/wp-content\/uploads\/2024\/12\/cropped-images-2.jpg","width":512,"height":512,"caption":"Acheter Cannabis Paris - Livraison Cannabis - 420 france - Principal Whatsapp+34677084290 SIGNAL - yeffy (no english support) - Secundario AttCliente Whatsapp +34603657496 SIGNAL - Leo (English support) - panterarosa1772@gmail.com"},"image":{"@id":"https:\/\/thcparis.com\/#\/schema\/logo\/image\/"}}]}},"_links":{"self":[{"href":"https:\/\/thcparis.com\/index.php\/wp-json\/wp\/v2\/pages\/12","targetHints":{"allow":["GET"]}}],"collection":[{"href":"https:\/\/thcparis.com\/index.php\/wp-json\/wp\/v2\/pages"}],"about":[{"href":"https:\/\/thcparis.com\/index.php\/wp-json\/wp\/v2\/types\/page"}],"author":[{"embeddable":true,"href":"https:\/\/thcparis.com\/index.php\/wp-json\/wp\/v2\/users\/1"}],"replies":[{"embeddable":true,"href":"https:\/\/thcparis.com\/index.php\/wp-json\/wp\/v2\/comments?post=12"}],"version-history":[{"count":0,"href":"https:\/\/thcparis.com\/index.php\/wp-json\/wp\/v2\/pages\/12\/revisions"}],"wp:attachment":[{"href":"https:\/\/thcparis.com\/index.php\/wp-json\/wp\/v2\/media?parent=12"}],"curies":[{"name":"wp","href":"https:\/\/api.w.org\/{rel}","templated":true}]}}