{"id":16,"date":"2024-12-14T19:38:35","date_gmt":"2024-12-14T19:38:35","guid":{"rendered":"https:\/\/thcparis.com\/?page_id=16"},"modified":"2024-12-14T19:45:40","modified_gmt":"2024-12-14T19:45:40","slug":"metatags3","status":"publish","type":"page","link":"https:\/\/thcparis.com\/index.php\/metatags3\/","title":{"rendered":"metatags3"},"content":{"rendered":"<p>Paris, m\u00e9t\u00e9o Paris, restaurants Paris, h\u00f4tels Paris, mus\u00e9es Paris, monuments Paris, visites Paris, \u00e9v\u00e9nements Paris, shopping Paris, choses \u00e0 faire \u00e0 Paris, quartiers de Paris, h\u00f4tels de luxe Paris, concerts Paris, restaurants gastronomiques Paris, tourisme Paris, mus\u00e9es gratuits Paris, Paris m\u00e9tro, transport Paris, navigation Paris, activit\u00e9s familiales Paris, Paris \u00e9v\u00e9nements 2024, restaurants v\u00e9g\u00e9tariens Paris, brunch Paris, attractions touristiques Paris, visites guid\u00e9es Paris, caf\u00e9 Paris, bars Paris, shopping de luxe Paris, visites de mus\u00e9es, visites des monuments, Disneyland Paris, patrimoine Paris, tours Eiffel, Croisi\u00e8re Seine, Louvre, Montmartre, Notre-Dame, quartier Marais, Sacr\u00e9-C\u0153ur, Mus\u00e9e d&rsquo;Orsay, H\u00f4tel de Ville Paris, mus\u00e9e Picasso, mus\u00e9e Rodin, la Seine, Jardins des Tuileries, Champs-\u00c9lys\u00e9es, Avenue Montaigne, La D\u00e9fense, Bois de Boulogne, Paris Plages, quartiers anim\u00e9s Paris, arrondissement de Paris, shopping Champs-\u00c9lys\u00e9es, rue de Rivoli, magasins \u00e0 Paris, magasins de mode Paris, fashion week Paris, tendances mode Paris, restaurants romantiques Paris, bars rooftop Paris, cuisine fran\u00e7aise, p\u00e2tisseries Paris, cuisine asiatique Paris, sushi Paris, restaurants indiens Paris, restaurants italiens Paris, restaurants chinois Paris, brunch Paris 2024, caf\u00e9 parisien, terrasse Paris, visites en v\u00e9lo Paris, balades \u00e0 pied Paris, patrimoine historique Paris, monuments historiques Paris, croisi\u00e8re sur la Seine, attractions incontournables Paris, plan de Paris, m\u00e9tro Paris, transports en commun Paris, bus \u00e0 Paris, taxis Paris, Uber Paris, cartes touristiques Paris, lieux touristiques Paris, \u00e9v\u00e9nements culturels Paris, salons Paris, expositions Paris, conf\u00e9rences Paris, animations Paris, march\u00e9s \u00e0 Paris, No\u00ebl \u00e0 Paris, shopping No\u00ebl Paris, soldes Paris, \u00e9v\u00e9nements musicaux Paris, festivals Paris, cin\u00e9ma Paris, films \u00e0 l\u2019affiche Paris, th\u00e9\u00e2tres Paris, spectacles Paris, com\u00e9dies musicales Paris, cuisine locale Paris, sp\u00e9cialit\u00e9s fran\u00e7aises, escargots Paris, foie gras Paris, baguette Paris, croissant Paris, fromage Paris, chocolat Paris, macarons Paris, vins fran\u00e7ais, restaurants halal Paris, restaurants sans gluten Paris, restaurants bio Paris, gastronomie \u00e0 Paris, march\u00e9s alimentaires Paris, p\u00e2tisseries fran\u00e7aises, macarons Pierre Herm\u00e9, restaurants v\u00e9g\u00e9taliens Paris, restaurants bio, visite de Paris en bus touristique, visites en bateau-mouche, Paris en amoureux, escapades romantiques Paris, appartements \u00e0 louer Paris, h\u00f4tels pas chers Paris, locations vacances Paris, Airbnb Paris, appartement Paris 2024, h\u00f4tels avec vue Paris, h\u00e9bergement Paris, r\u00e9servation h\u00f4tel Paris, Airbnb dans le Marais, quartiers o\u00f9 dormir Paris, logement touristique Paris, h\u00f4tels 5 \u00e9toiles Paris, h\u00f4tels de charme Paris, location voiture Paris, voyage \u00e0 Paris, prix h\u00f4tels Paris, mus\u00e9es gratuits Paris, march\u00e9s de No\u00ebl Paris, boutiques de cr\u00e9ateurs Paris, boutiques vintage Paris, shopping Paris centre, shopping dans le Marais, shopping \u00e0 Saint-Germain-des-Pr\u00e9s, shopping \u00e0 Montmartre, quartiers tendances Paris, lieux instagrammables Paris, caf\u00e9s c\u00e9l\u00e8bres Paris, bars \u00e0 vin Paris, food tours Paris, gastronomie parisienne, visites gastronomiques Paris, ateliers cuisine Paris, chef \u00e0 domicile Paris, lieux insolites Paris, activit\u00e9s originales Paris, escape games Paris, parcs d\u2019attractions Paris, zoo de Paris, jardins \u00e0 Paris, parcs publics Paris, jardins du Luxembourg, jardin des Plantes, parc des Buttes-Chaumont, Jardin d&rsquo;Acclimatation, Bois de Vincennes, pique-nique Paris, cyclisme Paris, locations de v\u00e9los Paris, promenade en v\u00e9lo Paris, histoire de Paris, architecture Paris, visites historiques Paris, tours guid\u00e9s Paris, Paris la nuit, Paris romantique, photo Paris, Instagram Paris, vues panoramiques Paris, art \u00e0 Paris, galeries d&rsquo;art Paris, art contemporain Paris, expositions d\u2019art Paris, artistes \u00e0 Paris, ateliers d&rsquo;art Paris, \u00e9v\u00e9nements de mode Paris, mode de Paris, cr\u00e9ateurs parisiens, boutiques de mode Paris, mus\u00e9es d\u2019art \u00e0 Paris, maisons de couture Paris, haute couture Paris, fashionistas Paris, tendances Paris, inspirations Paris, h\u00f4tels de luxe Paris, visite en limousine Paris, activit\u00e9s de luxe Paris, restaurants \u00e9toil\u00e9s Michelin Paris, h\u00f4tels 4 \u00e9toiles Paris, caf\u00e9s historiques Paris, boutiques de luxe Paris, avenue des Champs-\u00c9lys\u00e9es, Avenue Montaigne, Rue Saint-Honor\u00e9, Rue de la Paix, quartiers chic Paris, arrondissement 16 Paris, arrondissement 7 Paris, arrondissement 8 Paris, arrondissement 1 Paris, quartier Saint-Germain, quartier Marais, quartier Latin, quartier Op\u00e9ra, quartier de la Madeleine, Paris la nuit, activit\u00e9s nocturnes Paris, bar \u00e0 cocktails Paris, bo\u00eetes de nuit Paris, clubbing Paris, soir\u00e9es \u00e0 Paris, bars underground Paris, festivals de musique Paris, concerts live Paris, jazz clubs Paris, rock clubs Paris, musique \u00e9lectronique Paris, \u00e9v\u00e9nements gastronomiques Paris, d\u00e9gustations de vin Paris, salons du vin Paris, culture gastronomique Paris, sp\u00e9cialit\u00e9s culinaires Paris, recettes parisiennes, march\u00e9s fermiers Paris, jardins de Paris, balades en Seine, croisi\u00e8re \u00e0 Paris, monuments parisiens, lieux historiques \u00e0 Paris, histoire du Louvre, histoire de Notre-Dame, places de Paris, places c\u00e9l\u00e8bres Paris, quartiers anciens Paris, monuments \u00e0 visiter Paris.<\/p>\n<div class='smartthreema_box'><img src='https:\/\/thcparis.com\/wp-content\/plugins\/smart-threema\/images\/floating-button-threema-klein.png' class='smartthreema_img'><a href='https:\/\/three.ma\/JHXT6HHA' target='_blank' class='smartthreema_link'>Please Download Threema App<\/a><br><div class='smartthreema_minimsg'>to your Mobile Device and click again<\/div><\/div>","protected":false},"excerpt":{"rendered":"<p>Paris, m\u00e9t\u00e9o Paris, restaurants Paris, h\u00f4tels Paris, mus\u00e9es Paris, monuments Paris, visites Paris, \u00e9v\u00e9nements Paris, shopping Paris, choses \u00e0 faire \u00e0 Paris, quartiers de Paris, h\u00f4tels de luxe Paris, concerts Paris, restaurants gastronomiques Paris, tourisme Paris, mus\u00e9es gratuits Paris, Paris m\u00e9tro, transport Paris, navigation Paris, activit\u00e9s familiales Paris, Paris \u00e9v\u00e9nements 2024, restaurants v\u00e9g\u00e9tariens Paris, brunch [&hellip;]<\/p>\n","protected":false},"author":1,"featured_media":0,"parent":0,"menu_order":0,"comment_status":"closed","ping_status":"closed","template":"","meta":{"footnotes":""},"class_list":["post-16","page","type-page","status-publish","hentry"],"yoast_head":"<!-- This site is optimized with the Yoast SEO plugin v27.5 - https:\/\/yoast.com\/product\/yoast-seo-wordpress\/ -->\n<title>metatags3 - Acheter Cannabis Paris - Livraison Cannabis - 420 france - Principal Whatsapp+34677084290 SIGNAL - yeffy (no english support) - Secundario AttCliente Whatsapp-Telegram +34664537342&nbsp;@cmmleomadrid.65 &ndash; CMM SIGNAL @cmmleomadrid.65 &ndash; Leo (English support) - panterarosa1772@gmail.com - Threema: JHXT6HHA<\/title>\n<meta name=\"robots\" content=\"index, follow, max-snippet:-1, max-image-preview:large, max-video-preview:-1\" \/>\n<link rel=\"canonical\" href=\"https:\/\/thcparis.com\/index.php\/metatags3\/\" \/>\n<meta property=\"og:locale\" content=\"fr_FR\" \/>\n<meta property=\"og:type\" content=\"article\" \/>\n<meta property=\"og:title\" content=\"metatags3 - Acheter Cannabis Paris - Livraison Cannabis - 420 france - Principal Whatsapp+34677084290 SIGNAL - yeffy (no english support) - Secundario AttCliente Whatsapp-Telegram +34664537342&nbsp;@cmmleomadrid.65 &ndash; CMM SIGNAL @cmmleomadrid.65 &ndash; Leo (English support) - panterarosa1772@gmail.com - Threema: JHXT6HHA\" \/>\n<meta property=\"og:description\" content=\"Paris, m\u00e9t\u00e9o Paris, restaurants Paris, h\u00f4tels Paris, mus\u00e9es Paris, monuments Paris, visites Paris, \u00e9v\u00e9nements Paris, shopping Paris, choses \u00e0 faire \u00e0 Paris, quartiers de Paris, h\u00f4tels de luxe Paris, concerts Paris, restaurants gastronomiques Paris, tourisme Paris, mus\u00e9es gratuits Paris, Paris m\u00e9tro, transport Paris, navigation Paris, activit\u00e9s familiales Paris, Paris \u00e9v\u00e9nements 2024, restaurants v\u00e9g\u00e9tariens Paris, brunch [&hellip;]\" \/>\n<meta property=\"og:url\" content=\"https:\/\/thcparis.com\/index.php\/metatags3\/\" \/>\n<meta property=\"og:site_name\" content=\"Acheter Cannabis Paris - Livraison Cannabis - 420 france - Principal Whatsapp+34677084290 SIGNAL - yeffy (no english support) - Secundario AttCliente Whatsapp-Telegram +34664537342&nbsp;@cmmleomadrid.65 &ndash; CMM SIGNAL @cmmleomadrid.65 &ndash; Leo (English support) - panterarosa1772@gmail.com - Threema: JHXT6HHA\" \/>\n<meta property=\"article:modified_time\" content=\"2024-12-14T19:45:40+00:00\" \/>\n<meta name=\"twitter:card\" content=\"summary_large_image\" \/>\n<meta name=\"twitter:label1\" content=\"Dur\u00e9e de lecture estim\u00e9e\" \/>\n\t<meta name=\"twitter:data1\" content=\"4 minutes\" \/>\n<script type=\"application\/ld+json\" class=\"yoast-schema-graph\">{\"@context\":\"https:\\\/\\\/schema.org\",\"@graph\":[{\"@type\":\"WebPage\",\"@id\":\"https:\\\/\\\/thcparis.com\\\/index.php\\\/metatags3\\\/\",\"url\":\"https:\\\/\\\/thcparis.com\\\/index.php\\\/metatags3\\\/\",\"name\":\"metatags3 - Acheter Cannabis Paris - Livraison Cannabis - 420 france - Principal Whatsapp+34677084290 SIGNAL - yeffy (no english support) - Secundario AttCliente Whatsapp-Telegram +34664537342&nbsp;@cmmleomadrid.65 &ndash; CMM SIGNAL @cmmleomadrid.65 &ndash; Leo (English support) - panterarosa1772@gmail.com - Threema: JHXT6HHA\",\"isPartOf\":{\"@id\":\"https:\\\/\\\/thcparis.com\\\/#website\"},\"datePublished\":\"2024-12-14T19:38:35+00:00\",\"dateModified\":\"2024-12-14T19:45:40+00:00\",\"breadcrumb\":{\"@id\":\"https:\\\/\\\/thcparis.com\\\/index.php\\\/metatags3\\\/#breadcrumb\"},\"inLanguage\":\"fr-FR\",\"potentialAction\":[{\"@type\":\"ReadAction\",\"target\":[\"https:\\\/\\\/thcparis.com\\\/index.php\\\/metatags3\\\/\"]}]},{\"@type\":\"BreadcrumbList\",\"@id\":\"https:\\\/\\\/thcparis.com\\\/index.php\\\/metatags3\\\/#breadcrumb\",\"itemListElement\":[{\"@type\":\"ListItem\",\"position\":1,\"name\":\"Accueil\",\"item\":\"https:\\\/\\\/thcparis.com\\\/\"},{\"@type\":\"ListItem\",\"position\":2,\"name\":\"metatags3\"}]},{\"@type\":\"WebSite\",\"@id\":\"https:\\\/\\\/thcparis.com\\\/#website\",\"url\":\"https:\\\/\\\/thcparis.com\\\/\",\"name\":\"Acheter Cannabis Paris - Livraison Cannabis - 420 france - Principal Whatsapp+34677084290 SIGNAL - yeffy (no english support) - Secundario AttCliente Whatsapp +34603657496 SIGNAL - Leo (English support) - panterarosa1772@gmail.com\",\"description\":\"fumer du cannabis, Paris, quartiers de Paris, marijuana, herbe, cannabis, THC, CBD, joints, vaporisateur, fumer en public, consommation de cannabis, l\u00e9gislation du cannabis, consommation responsable, fumer \u00e0 Paris, cannabis r\u00e9cr\u00e9atif, cannabis th\u00e9rapeutique, fum\u00e9e de cannabis, culture urbaine, Paris 1er, Paris 2e, Paris 3e, Paris 4e, Paris 5e, Paris 6e, Paris 7e, Paris 8e, Paris 9e, Paris 10e, Paris 11e, Paris 12e, Paris 13e, Paris 14e, Paris 15e, Paris 16e, Paris 17e, Paris 18e, Paris 19e, Paris 20e, Montmartre, Le Marais, Saint-Germain-des-Pr\u00e9s, Belleville, Canal Saint-Martin, Le Quartier Latin, Pigalle, Champs-\u00c9lys\u00e9es, Bastille, R\u00e9publique, Place de la Concorde, Trocad\u00e9ro, Luxembourg, Les Halles, Gare du Nord, Gare de Lyon, La D\u00e9fense, Montparnasse, Le Panth\u00e9on, Jardin des Plantes, Parc des Buttes-Chaumont, Paris intra-muros, banlieue parisienne, culture du cannabis \u00e0 Paris, r\u00e9glementation du cannabis \u00e0 Paris, consommation en dehors de chez soi, interdiction de fumer, fumer dans la rue, l\u00e9gislation sur le cannabis en France, contr\u00f4le de police, amende pour cannabis, consommation \u00e0 domicile, consommation priv\u00e9e, fumer \u00e0 domicile,\",\"publisher\":{\"@id\":\"https:\\\/\\\/thcparis.com\\\/#organization\"},\"potentialAction\":[{\"@type\":\"SearchAction\",\"target\":{\"@type\":\"EntryPoint\",\"urlTemplate\":\"https:\\\/\\\/thcparis.com\\\/?s={search_term_string}\"},\"query-input\":{\"@type\":\"PropertyValueSpecification\",\"valueRequired\":true,\"valueName\":\"search_term_string\"}}],\"inLanguage\":\"fr-FR\"},{\"@type\":\"Organization\",\"@id\":\"https:\\\/\\\/thcparis.com\\\/#organization\",\"name\":\"Acheter Cannabis Paris - Livraison Cannabis - 420 france - Principal Whatsapp+34677084290 SIGNAL - yeffy (no english support) - Secundario AttCliente Whatsapp +34603657496 SIGNAL - Leo (English support) - panterarosa1772@gmail.com\",\"url\":\"https:\\\/\\\/thcparis.com\\\/\",\"logo\":{\"@type\":\"ImageObject\",\"inLanguage\":\"fr-FR\",\"@id\":\"https:\\\/\\\/thcparis.com\\\/#\\\/schema\\\/logo\\\/image\\\/\",\"url\":\"https:\\\/\\\/thcparis.com\\\/wp-content\\\/uploads\\\/2024\\\/12\\\/cropped-images-2.jpg\",\"contentUrl\":\"https:\\\/\\\/thcparis.com\\\/wp-content\\\/uploads\\\/2024\\\/12\\\/cropped-images-2.jpg\",\"width\":512,\"height\":512,\"caption\":\"Acheter Cannabis Paris - Livraison Cannabis - 420 france - Principal Whatsapp+34677084290 SIGNAL - yeffy (no english support) - Secundario AttCliente Whatsapp +34603657496 SIGNAL - Leo (English support) - panterarosa1772@gmail.com\"},\"image\":{\"@id\":\"https:\\\/\\\/thcparis.com\\\/#\\\/schema\\\/logo\\\/image\\\/\"}}]}<\/script>\n<!-- \/ Yoast SEO plugin. -->","yoast_head_json":{"title":"metatags3 - Acheter Cannabis Paris - Livraison Cannabis - 420 france - Principal Whatsapp+34677084290 SIGNAL - yeffy (no english support) - Secundario AttCliente Whatsapp-Telegram +34664537342&nbsp;@cmmleomadrid.65 &ndash; CMM SIGNAL @cmmleomadrid.65 &ndash; Leo (English support) - panterarosa1772@gmail.com - Threema: JHXT6HHA","robots":{"index":"index","follow":"follow","max-snippet":"max-snippet:-1","max-image-preview":"max-image-preview:large","max-video-preview":"max-video-preview:-1"},"canonical":"https:\/\/thcparis.com\/index.php\/metatags3\/","og_locale":"fr_FR","og_type":"article","og_title":"metatags3 - Acheter Cannabis Paris - Livraison Cannabis - 420 france - Principal Whatsapp+34677084290 SIGNAL - yeffy (no english support) - Secundario AttCliente Whatsapp-Telegram +34664537342&nbsp;@cmmleomadrid.65 &ndash; CMM SIGNAL @cmmleomadrid.65 &ndash; Leo (English support) - panterarosa1772@gmail.com - Threema: JHXT6HHA","og_description":"Paris, m\u00e9t\u00e9o Paris, restaurants Paris, h\u00f4tels Paris, mus\u00e9es Paris, monuments Paris, visites Paris, \u00e9v\u00e9nements Paris, shopping Paris, choses \u00e0 faire \u00e0 Paris, quartiers de Paris, h\u00f4tels de luxe Paris, concerts Paris, restaurants gastronomiques Paris, tourisme Paris, mus\u00e9es gratuits Paris, Paris m\u00e9tro, transport Paris, navigation Paris, activit\u00e9s familiales Paris, Paris \u00e9v\u00e9nements 2024, restaurants v\u00e9g\u00e9tariens Paris, brunch [&hellip;]","og_url":"https:\/\/thcparis.com\/index.php\/metatags3\/","og_site_name":"Acheter Cannabis Paris - Livraison Cannabis - 420 france - Principal Whatsapp+34677084290 SIGNAL - yeffy (no english support) - Secundario AttCliente Whatsapp-Telegram +34664537342&nbsp;@cmmleomadrid.65 &ndash; CMM SIGNAL @cmmleomadrid.65 &ndash; Leo (English support) - panterarosa1772@gmail.com - Threema: JHXT6HHA","article_modified_time":"2024-12-14T19:45:40+00:00","twitter_card":"summary_large_image","twitter_misc":{"Dur\u00e9e de lecture estim\u00e9e":"4 minutes"},"schema":{"@context":"https:\/\/schema.org","@graph":[{"@type":"WebPage","@id":"https:\/\/thcparis.com\/index.php\/metatags3\/","url":"https:\/\/thcparis.com\/index.php\/metatags3\/","name":"metatags3 - Acheter Cannabis Paris - Livraison Cannabis - 420 france - Principal Whatsapp+34677084290 SIGNAL - yeffy (no english support) - Secundario AttCliente Whatsapp-Telegram +34664537342&nbsp;@cmmleomadrid.65 &ndash; CMM SIGNAL @cmmleomadrid.65 &ndash; Leo (English support) - panterarosa1772@gmail.com - Threema: JHXT6HHA","isPartOf":{"@id":"https:\/\/thcparis.com\/#website"},"datePublished":"2024-12-14T19:38:35+00:00","dateModified":"2024-12-14T19:45:40+00:00","breadcrumb":{"@id":"https:\/\/thcparis.com\/index.php\/metatags3\/#breadcrumb"},"inLanguage":"fr-FR","potentialAction":[{"@type":"ReadAction","target":["https:\/\/thcparis.com\/index.php\/metatags3\/"]}]},{"@type":"BreadcrumbList","@id":"https:\/\/thcparis.com\/index.php\/metatags3\/#breadcrumb","itemListElement":[{"@type":"ListItem","position":1,"name":"Accueil","item":"https:\/\/thcparis.com\/"},{"@type":"ListItem","position":2,"name":"metatags3"}]},{"@type":"WebSite","@id":"https:\/\/thcparis.com\/#website","url":"https:\/\/thcparis.com\/","name":"Acheter Cannabis Paris - Livraison Cannabis - 420 france - Principal Whatsapp+34677084290 SIGNAL - yeffy (no english support) - Secundario AttCliente Whatsapp +34603657496 SIGNAL - Leo (English support) - panterarosa1772@gmail.com","description":"fumer du cannabis, Paris, quartiers de Paris, marijuana, herbe, cannabis, THC, CBD, joints, vaporisateur, fumer en public, consommation de cannabis, l\u00e9gislation du cannabis, consommation responsable, fumer \u00e0 Paris, cannabis r\u00e9cr\u00e9atif, cannabis th\u00e9rapeutique, fum\u00e9e de cannabis, culture urbaine, Paris 1er, Paris 2e, Paris 3e, Paris 4e, Paris 5e, Paris 6e, Paris 7e, Paris 8e, Paris 9e, Paris 10e, Paris 11e, Paris 12e, Paris 13e, Paris 14e, Paris 15e, Paris 16e, Paris 17e, Paris 18e, Paris 19e, Paris 20e, Montmartre, Le Marais, Saint-Germain-des-Pr\u00e9s, Belleville, Canal Saint-Martin, Le Quartier Latin, Pigalle, Champs-\u00c9lys\u00e9es, Bastille, R\u00e9publique, Place de la Concorde, Trocad\u00e9ro, Luxembourg, Les Halles, Gare du Nord, Gare de Lyon, La D\u00e9fense, Montparnasse, Le Panth\u00e9on, Jardin des Plantes, Parc des Buttes-Chaumont, Paris intra-muros, banlieue parisienne, culture du cannabis \u00e0 Paris, r\u00e9glementation du cannabis \u00e0 Paris, consommation en dehors de chez soi, interdiction de fumer, fumer dans la rue, l\u00e9gislation sur le cannabis en France, contr\u00f4le de police, amende pour cannabis, consommation \u00e0 domicile, consommation priv\u00e9e, fumer \u00e0 domicile,","publisher":{"@id":"https:\/\/thcparis.com\/#organization"},"potentialAction":[{"@type":"SearchAction","target":{"@type":"EntryPoint","urlTemplate":"https:\/\/thcparis.com\/?s={search_term_string}"},"query-input":{"@type":"PropertyValueSpecification","valueRequired":true,"valueName":"search_term_string"}}],"inLanguage":"fr-FR"},{"@type":"Organization","@id":"https:\/\/thcparis.com\/#organization","name":"Acheter Cannabis Paris - Livraison Cannabis - 420 france - Principal Whatsapp+34677084290 SIGNAL - yeffy (no english support) - Secundario AttCliente Whatsapp +34603657496 SIGNAL - Leo (English support) - panterarosa1772@gmail.com","url":"https:\/\/thcparis.com\/","logo":{"@type":"ImageObject","inLanguage":"fr-FR","@id":"https:\/\/thcparis.com\/#\/schema\/logo\/image\/","url":"https:\/\/thcparis.com\/wp-content\/uploads\/2024\/12\/cropped-images-2.jpg","contentUrl":"https:\/\/thcparis.com\/wp-content\/uploads\/2024\/12\/cropped-images-2.jpg","width":512,"height":512,"caption":"Acheter Cannabis Paris - Livraison Cannabis - 420 france - Principal Whatsapp+34677084290 SIGNAL - yeffy (no english support) - Secundario AttCliente Whatsapp +34603657496 SIGNAL - Leo (English support) - panterarosa1772@gmail.com"},"image":{"@id":"https:\/\/thcparis.com\/#\/schema\/logo\/image\/"}}]}},"_links":{"self":[{"href":"https:\/\/thcparis.com\/index.php\/wp-json\/wp\/v2\/pages\/16","targetHints":{"allow":["GET"]}}],"collection":[{"href":"https:\/\/thcparis.com\/index.php\/wp-json\/wp\/v2\/pages"}],"about":[{"href":"https:\/\/thcparis.com\/index.php\/wp-json\/wp\/v2\/types\/page"}],"author":[{"embeddable":true,"href":"https:\/\/thcparis.com\/index.php\/wp-json\/wp\/v2\/users\/1"}],"replies":[{"embeddable":true,"href":"https:\/\/thcparis.com\/index.php\/wp-json\/wp\/v2\/comments?post=16"}],"version-history":[{"count":0,"href":"https:\/\/thcparis.com\/index.php\/wp-json\/wp\/v2\/pages\/16\/revisions"}],"wp:attachment":[{"href":"https:\/\/thcparis.com\/index.php\/wp-json\/wp\/v2\/media?parent=16"}],"curies":[{"name":"wp","href":"https:\/\/api.w.org\/{rel}","templated":true}]}}