{"id":21,"date":"2024-12-14T19:43:27","date_gmt":"2024-12-14T19:43:27","guid":{"rendered":"https:\/\/thcparis.com\/?page_id=21"},"modified":"2024-12-14T19:43:27","modified_gmt":"2024-12-14T19:43:27","slug":"metatags4","status":"publish","type":"page","link":"https:\/\/thcparis.com\/index.php\/metatags4\/","title":{"rendered":"metatags4"},"content":{"rendered":"<p>fumer du cannabis, Paris, quartiers de Paris, marijuana, herbe, cannabis, THC, CBD, joints, vaporisateur, fumer en public, consommation de cannabis, l\u00e9gislation du cannabis, consommation responsable, fumer \u00e0 Paris, cannabis r\u00e9cr\u00e9atif, cannabis th\u00e9rapeutique, fum\u00e9e de cannabis, culture urbaine, Paris 1er, Paris 2e, Paris 3e, Paris 4e, Paris 5e, Paris 6e, Paris 7e, Paris 8e, Paris 9e, Paris 10e, Paris 11e, Paris 12e, Paris 13e, Paris 14e, Paris 15e, Paris 16e, Paris 17e, Paris 18e, Paris 19e, Paris 20e, Montmartre, Le Marais, Saint-Germain-des-Pr\u00e9s, Belleville, Canal Saint-Martin, Le Quartier Latin, Pigalle, Champs-\u00c9lys\u00e9es, Bastille, R\u00e9publique, Place de la Concorde, Trocad\u00e9ro, Luxembourg, Les Halles, Gare du Nord, Gare de Lyon, La D\u00e9fense, Montparnasse, Le Panth\u00e9on, Jardin des Plantes, Parc des Buttes-Chaumont, Paris intra-muros, banlieue parisienne, culture du cannabis \u00e0 Paris, r\u00e9glementation du cannabis \u00e0 Paris, consommation en dehors de chez soi, interdiction de fumer, fumer dans la rue, l\u00e9gislation sur le cannabis en France, contr\u00f4le de police, amende pour cannabis, consommation \u00e0 domicile, consommation priv\u00e9e, fumer \u00e0 domicile, quartiers populaires de Paris, culture de cannabis dans les quartiers, fumer dans les parcs, fumer pr\u00e8s des \u00e9coles, consommation et s\u00e9curit\u00e9, sant\u00e9 publique, effets du cannabis, d\u00e9pendance au cannabis, cannabis et comportement, fumer et sant\u00e9, effets secondaires du cannabis, effet relaxant, euphorie, diminution du stress, fumer et soci\u00e9t\u00e9, cannabis et jeunes, usage r\u00e9cr\u00e9atif du cannabis, fumer dans les bars, fumer dans les caf\u00e9s, lieux publics et cannabis, consommation sociale, fumer avec des amis, consommation en groupe, consommation individuelle, fumer sur le balcon, consommation en terrasse, consommation nocturne, culture de la marijuana \u00e0 Paris, march\u00e9 du cannabis \u00e0 Paris, trafic de cannabis \u00e0 Paris, march\u00e9 noir \u00e0 Paris, vente ill\u00e9gale de cannabis, contr\u00f4le du march\u00e9 du cannabis, politiques sur la drogue \u00e0 Paris, consommation discr\u00e8te, plan de s\u00e9curit\u00e9 \u00e0 Paris, amende pour usage de cannabis, cannabis dans les quartiers chics, cannabis dans les quartiers populaires, cannabis et diversit\u00e9, fumer pr\u00e8s de la Seine, cannabis et touristes, fumer en vacances \u00e0 Paris, tourisme cannabique \u00e0 Paris, caf\u00e9 cannabis \u00e0 Paris, culture alternative \u00e0 Paris, culture hippie \u00e0 Paris, festivals de cannabis \u00e0 Paris, \u00e9v\u00e9nements sur le cannabis \u00e0 Paris, cannabis et musique, cannabis et art, cannabis et cin\u00e9ma, cannabis dans la culture, cannabis et mode de vie, consommation et relax, vaporiser du cannabis, produits d\u00e9riv\u00e9s du cannabis, huiles de CBD, th\u00e9 au cannabis, g\u00e9lules de CBD, extraction de cannabis, cannabis et alimentation, recettes \u00e0 base de cannabis, brownies au cannabis, edibles \u00e0 Paris, biscuits au cannabis, th\u00e9 de chanvre, chocolat au cannabis, consommation et l\u00e9galit\u00e9, \u00e9volution de la l\u00e9gislation du cannabis, prohibition du cannabis, changements l\u00e9gislatifs \u00e0 Paris, cannabis et politique, d\u00e9bat sur le cannabis \u00e0 Paris, Paris et les drogues, mesures de contr\u00f4le des drogues \u00e0 Paris, cannabis et \u00e9conomie, industrie du cannabis, entreprises de cannabis, r\u00e9glementation de la vente de cannabis, permis de culture \u00e0 Paris, cannabis et d\u00e9veloppement durable, cannabis bio, culture sans pesticides, effets th\u00e9rapeutiques du cannabis, cannabis contre l\u2019anxi\u00e9t\u00e9, cannabis pour le sommeil, cannabis pour la douleur, cannabis anti-inflammatoire, consommation pour la douleur, d\u00e9pendance au THC, THC et CBD, cannabis et sant\u00e9 mentale, cannabis et neurologie, th\u00e9rapies par le cannabis, cannabis contre les naus\u00e9es, cannabis pour les cancers, traitement au cannabis, cannabis en soins paliatifs, cannabis pour les troubles du sommeil, cannabis et traitement m\u00e9dical, fumer dans le m\u00e9tro, fumer dans les caf\u00e9s parisiens, fumer dans les jardins publics, cannabis et nature, fumer au parc, ambiance de consommation \u00e0 Paris, fumer avec des \u00e9trangers, communaut\u00e9 de consommateurs de cannabis, culture et cannabis \u00e0 Paris, cannabis et libert\u00e9, fumer en toute s\u00e9curit\u00e9, accessibilit\u00e9 au cannabis, r\u00e9glementation de l\u2019auto-culture, autorisation de fumer, consommation libre \u00e0 Paris, cannabis et mentalit\u00e9 parisienne, consommation consciente, influence de Paris sur la culture cannabis, cannabis dans les grandes rues de Paris, quartier des Champs-\u00c9lys\u00e9es et cannabis, fumer aux terrasses des caf\u00e9s, fumer dans les clubs, cannabis et \u00e9thique, consommation de cannabis en soci\u00e9t\u00e9, fumer lors de manifestations, fumer et s\u00e9curit\u00e9 publique, fumer dans les clubs priv\u00e9s, marijuana et loisirs \u00e0 Paris, cannabis et affaires, cannabis et tourisme, pratiques ill\u00e9gales \u00e0 Paris, contr\u00f4ler la consommation de cannabis, fumer \u00e0 la maison, cannabis et relaxation, temps libre et cannabis, fumer pour se d\u00e9tendre, \u00e9viter les conflits, consommation pacifique, fumer en toute discr\u00e9tion, fumer sans jugement, attitudes soci\u00e9tales envers le cannabis, tabous sur le cannabis \u00e0 Paris, cannabis et acceptation sociale, fumer dans le 9e arrondissement, fumer dans le 18e arrondissement, fumer dans le 10e arrondissement, cannabis dans le 16e arrondissement, quartiers hupp\u00e9s et cannabis, consommation discr\u00e8te \u00e0 Paris, l\u00e9galisation et Paris, mouvements pour la l\u00e9galisation, fumer \u00e0 Paris et la r\u00e9pression, attitudes envers les drogues \u00e0 Paris.<\/p>\n<div class='smartthreema_box'><img src='https:\/\/thcparis.com\/wp-content\/plugins\/smart-threema\/images\/floating-button-threema-klein.png' class='smartthreema_img'><a href='https:\/\/three.ma\/JHXT6HHA' target='_blank' class='smartthreema_link'>Please Download Threema App<\/a><br><div class='smartthreema_minimsg'>to your Mobile Device and click again<\/div><\/div>","protected":false},"excerpt":{"rendered":"<p>fumer du cannabis, Paris, quartiers de Paris, marijuana, herbe, cannabis, THC, CBD, joints, vaporisateur, fumer en public, consommation de cannabis, l\u00e9gislation du cannabis, consommation responsable, fumer \u00e0 Paris, cannabis r\u00e9cr\u00e9atif, cannabis th\u00e9rapeutique, fum\u00e9e de cannabis, culture urbaine, Paris 1er, Paris 2e, Paris 3e, Paris 4e, Paris 5e, Paris 6e, Paris 7e, Paris 8e, Paris 9e, [&hellip;]<\/p>\n","protected":false},"author":1,"featured_media":0,"parent":0,"menu_order":0,"comment_status":"closed","ping_status":"closed","template":"","meta":{"footnotes":""},"class_list":["post-21","page","type-page","status-publish","hentry"],"yoast_head":"<!-- This site is optimized with the Yoast SEO plugin v27.4 - https:\/\/yoast.com\/product\/yoast-seo-wordpress\/ -->\n<title>metatags4 - Acheter Cannabis Paris - Livraison Cannabis - 420 france - Principal Whatsapp+34677084290 SIGNAL - yeffy (no english support) - Secundario AttCliente Whatsapp-Telegram +34664537342&nbsp;@cmmleomadrid.65 &ndash; CMM SIGNAL @cmmleomadrid.65 &ndash; Leo (English support) - panterarosa1772@gmail.com - Threema: JHXT6HHA<\/title>\n<meta name=\"robots\" content=\"index, follow, max-snippet:-1, max-image-preview:large, max-video-preview:-1\" \/>\n<link rel=\"canonical\" href=\"https:\/\/thcparis.com\/index.php\/metatags4\/\" \/>\n<meta property=\"og:locale\" content=\"fr_FR\" \/>\n<meta property=\"og:type\" content=\"article\" \/>\n<meta property=\"og:title\" content=\"metatags4 - Acheter Cannabis Paris - Livraison Cannabis - 420 france - Principal Whatsapp+34677084290 SIGNAL - yeffy (no english support) - Secundario AttCliente Whatsapp-Telegram +34664537342&nbsp;@cmmleomadrid.65 &ndash; CMM SIGNAL @cmmleomadrid.65 &ndash; Leo (English support) - panterarosa1772@gmail.com - Threema: JHXT6HHA\" \/>\n<meta property=\"og:description\" content=\"fumer du cannabis, Paris, quartiers de Paris, marijuana, herbe, cannabis, THC, CBD, joints, vaporisateur, fumer en public, consommation de cannabis, l\u00e9gislation du cannabis, consommation responsable, fumer \u00e0 Paris, cannabis r\u00e9cr\u00e9atif, cannabis th\u00e9rapeutique, fum\u00e9e de cannabis, culture urbaine, Paris 1er, Paris 2e, Paris 3e, Paris 4e, Paris 5e, Paris 6e, Paris 7e, Paris 8e, Paris 9e, [&hellip;]\" \/>\n<meta property=\"og:url\" content=\"https:\/\/thcparis.com\/index.php\/metatags4\/\" \/>\n<meta property=\"og:site_name\" content=\"Acheter Cannabis Paris - Livraison Cannabis - 420 france - Principal Whatsapp+34677084290 SIGNAL - yeffy (no english support) - Secundario AttCliente Whatsapp-Telegram +34664537342&nbsp;@cmmleomadrid.65 &ndash; CMM SIGNAL @cmmleomadrid.65 &ndash; Leo (English support) - panterarosa1772@gmail.com - Threema: JHXT6HHA\" \/>\n<meta name=\"twitter:card\" content=\"summary_large_image\" \/>\n<meta name=\"twitter:label1\" content=\"Dur\u00e9e de lecture estim\u00e9e\" \/>\n\t<meta name=\"twitter:data1\" content=\"4 minutes\" \/>\n<script type=\"application\/ld+json\" class=\"yoast-schema-graph\">{\"@context\":\"https:\\\/\\\/schema.org\",\"@graph\":[{\"@type\":\"WebPage\",\"@id\":\"https:\\\/\\\/thcparis.com\\\/index.php\\\/metatags4\\\/\",\"url\":\"https:\\\/\\\/thcparis.com\\\/index.php\\\/metatags4\\\/\",\"name\":\"metatags4 - Acheter Cannabis Paris - Livraison Cannabis - 420 france - Principal Whatsapp+34677084290 SIGNAL - yeffy (no english support) - Secundario AttCliente Whatsapp-Telegram +34664537342&nbsp;@cmmleomadrid.65 &ndash; CMM SIGNAL @cmmleomadrid.65 &ndash; Leo (English support) - panterarosa1772@gmail.com - Threema: JHXT6HHA\",\"isPartOf\":{\"@id\":\"https:\\\/\\\/thcparis.com\\\/#website\"},\"datePublished\":\"2024-12-14T19:43:27+00:00\",\"breadcrumb\":{\"@id\":\"https:\\\/\\\/thcparis.com\\\/index.php\\\/metatags4\\\/#breadcrumb\"},\"inLanguage\":\"fr-FR\",\"potentialAction\":[{\"@type\":\"ReadAction\",\"target\":[\"https:\\\/\\\/thcparis.com\\\/index.php\\\/metatags4\\\/\"]}]},{\"@type\":\"BreadcrumbList\",\"@id\":\"https:\\\/\\\/thcparis.com\\\/index.php\\\/metatags4\\\/#breadcrumb\",\"itemListElement\":[{\"@type\":\"ListItem\",\"position\":1,\"name\":\"Accueil\",\"item\":\"https:\\\/\\\/thcparis.com\\\/\"},{\"@type\":\"ListItem\",\"position\":2,\"name\":\"metatags4\"}]},{\"@type\":\"WebSite\",\"@id\":\"https:\\\/\\\/thcparis.com\\\/#website\",\"url\":\"https:\\\/\\\/thcparis.com\\\/\",\"name\":\"Acheter Cannabis Paris - Livraison Cannabis - 420 france - Principal Whatsapp+34677084290 SIGNAL - yeffy (no english support) - Secundario AttCliente Whatsapp +34603657496 SIGNAL - Leo (English support) - panterarosa1772@gmail.com\",\"description\":\"fumer du cannabis, Paris, quartiers de Paris, marijuana, herbe, cannabis, THC, CBD, joints, vaporisateur, fumer en public, consommation de cannabis, l\u00e9gislation du cannabis, consommation responsable, fumer \u00e0 Paris, cannabis r\u00e9cr\u00e9atif, cannabis th\u00e9rapeutique, fum\u00e9e de cannabis, culture urbaine, Paris 1er, Paris 2e, Paris 3e, Paris 4e, Paris 5e, Paris 6e, Paris 7e, Paris 8e, Paris 9e, Paris 10e, Paris 11e, Paris 12e, Paris 13e, Paris 14e, Paris 15e, Paris 16e, Paris 17e, Paris 18e, Paris 19e, Paris 20e, Montmartre, Le Marais, Saint-Germain-des-Pr\u00e9s, Belleville, Canal Saint-Martin, Le Quartier Latin, Pigalle, Champs-\u00c9lys\u00e9es, Bastille, R\u00e9publique, Place de la Concorde, Trocad\u00e9ro, Luxembourg, Les Halles, Gare du Nord, Gare de Lyon, La D\u00e9fense, Montparnasse, Le Panth\u00e9on, Jardin des Plantes, Parc des Buttes-Chaumont, Paris intra-muros, banlieue parisienne, culture du cannabis \u00e0 Paris, r\u00e9glementation du cannabis \u00e0 Paris, consommation en dehors de chez soi, interdiction de fumer, fumer dans la rue, l\u00e9gislation sur le cannabis en France, contr\u00f4le de police, amende pour cannabis, consommation \u00e0 domicile, consommation priv\u00e9e, fumer \u00e0 domicile,\",\"publisher\":{\"@id\":\"https:\\\/\\\/thcparis.com\\\/#organization\"},\"potentialAction\":[{\"@type\":\"SearchAction\",\"target\":{\"@type\":\"EntryPoint\",\"urlTemplate\":\"https:\\\/\\\/thcparis.com\\\/?s={search_term_string}\"},\"query-input\":{\"@type\":\"PropertyValueSpecification\",\"valueRequired\":true,\"valueName\":\"search_term_string\"}}],\"inLanguage\":\"fr-FR\"},{\"@type\":\"Organization\",\"@id\":\"https:\\\/\\\/thcparis.com\\\/#organization\",\"name\":\"Acheter Cannabis Paris - Livraison Cannabis - 420 france - Principal Whatsapp+34677084290 SIGNAL - yeffy (no english support) - Secundario AttCliente Whatsapp +34603657496 SIGNAL - Leo (English support) - panterarosa1772@gmail.com\",\"url\":\"https:\\\/\\\/thcparis.com\\\/\",\"logo\":{\"@type\":\"ImageObject\",\"inLanguage\":\"fr-FR\",\"@id\":\"https:\\\/\\\/thcparis.com\\\/#\\\/schema\\\/logo\\\/image\\\/\",\"url\":\"https:\\\/\\\/thcparis.com\\\/wp-content\\\/uploads\\\/2024\\\/12\\\/cropped-images-2.jpg\",\"contentUrl\":\"https:\\\/\\\/thcparis.com\\\/wp-content\\\/uploads\\\/2024\\\/12\\\/cropped-images-2.jpg\",\"width\":512,\"height\":512,\"caption\":\"Acheter Cannabis Paris - Livraison Cannabis - 420 france - Principal Whatsapp+34677084290 SIGNAL - yeffy (no english support) - Secundario AttCliente Whatsapp +34603657496 SIGNAL - Leo (English support) - panterarosa1772@gmail.com\"},\"image\":{\"@id\":\"https:\\\/\\\/thcparis.com\\\/#\\\/schema\\\/logo\\\/image\\\/\"}}]}<\/script>\n<!-- \/ Yoast SEO plugin. -->","yoast_head_json":{"title":"metatags4 - Acheter Cannabis Paris - Livraison Cannabis - 420 france - Principal Whatsapp+34677084290 SIGNAL - yeffy (no english support) - Secundario AttCliente Whatsapp-Telegram +34664537342&nbsp;@cmmleomadrid.65 &ndash; CMM SIGNAL @cmmleomadrid.65 &ndash; Leo (English support) - panterarosa1772@gmail.com - Threema: JHXT6HHA","robots":{"index":"index","follow":"follow","max-snippet":"max-snippet:-1","max-image-preview":"max-image-preview:large","max-video-preview":"max-video-preview:-1"},"canonical":"https:\/\/thcparis.com\/index.php\/metatags4\/","og_locale":"fr_FR","og_type":"article","og_title":"metatags4 - Acheter Cannabis Paris - Livraison Cannabis - 420 france - Principal Whatsapp+34677084290 SIGNAL - yeffy (no english support) - Secundario AttCliente Whatsapp-Telegram +34664537342&nbsp;@cmmleomadrid.65 &ndash; CMM SIGNAL @cmmleomadrid.65 &ndash; Leo (English support) - panterarosa1772@gmail.com - Threema: JHXT6HHA","og_description":"fumer du cannabis, Paris, quartiers de Paris, marijuana, herbe, cannabis, THC, CBD, joints, vaporisateur, fumer en public, consommation de cannabis, l\u00e9gislation du cannabis, consommation responsable, fumer \u00e0 Paris, cannabis r\u00e9cr\u00e9atif, cannabis th\u00e9rapeutique, fum\u00e9e de cannabis, culture urbaine, Paris 1er, Paris 2e, Paris 3e, Paris 4e, Paris 5e, Paris 6e, Paris 7e, Paris 8e, Paris 9e, [&hellip;]","og_url":"https:\/\/thcparis.com\/index.php\/metatags4\/","og_site_name":"Acheter Cannabis Paris - Livraison Cannabis - 420 france - Principal Whatsapp+34677084290 SIGNAL - yeffy (no english support) - Secundario AttCliente Whatsapp-Telegram +34664537342&nbsp;@cmmleomadrid.65 &ndash; CMM SIGNAL @cmmleomadrid.65 &ndash; Leo (English support) - panterarosa1772@gmail.com - Threema: JHXT6HHA","twitter_card":"summary_large_image","twitter_misc":{"Dur\u00e9e de lecture estim\u00e9e":"4 minutes"},"schema":{"@context":"https:\/\/schema.org","@graph":[{"@type":"WebPage","@id":"https:\/\/thcparis.com\/index.php\/metatags4\/","url":"https:\/\/thcparis.com\/index.php\/metatags4\/","name":"metatags4 - Acheter Cannabis Paris - Livraison Cannabis - 420 france - Principal Whatsapp+34677084290 SIGNAL - yeffy (no english support) - Secundario AttCliente Whatsapp-Telegram +34664537342&nbsp;@cmmleomadrid.65 &ndash; CMM SIGNAL @cmmleomadrid.65 &ndash; Leo (English support) - panterarosa1772@gmail.com - Threema: JHXT6HHA","isPartOf":{"@id":"https:\/\/thcparis.com\/#website"},"datePublished":"2024-12-14T19:43:27+00:00","breadcrumb":{"@id":"https:\/\/thcparis.com\/index.php\/metatags4\/#breadcrumb"},"inLanguage":"fr-FR","potentialAction":[{"@type":"ReadAction","target":["https:\/\/thcparis.com\/index.php\/metatags4\/"]}]},{"@type":"BreadcrumbList","@id":"https:\/\/thcparis.com\/index.php\/metatags4\/#breadcrumb","itemListElement":[{"@type":"ListItem","position":1,"name":"Accueil","item":"https:\/\/thcparis.com\/"},{"@type":"ListItem","position":2,"name":"metatags4"}]},{"@type":"WebSite","@id":"https:\/\/thcparis.com\/#website","url":"https:\/\/thcparis.com\/","name":"Acheter Cannabis Paris - Livraison Cannabis - 420 france - Principal Whatsapp+34677084290 SIGNAL - yeffy (no english support) - Secundario AttCliente Whatsapp +34603657496 SIGNAL - Leo (English support) - panterarosa1772@gmail.com","description":"fumer du cannabis, Paris, quartiers de Paris, marijuana, herbe, cannabis, THC, CBD, joints, vaporisateur, fumer en public, consommation de cannabis, l\u00e9gislation du cannabis, consommation responsable, fumer \u00e0 Paris, cannabis r\u00e9cr\u00e9atif, cannabis th\u00e9rapeutique, fum\u00e9e de cannabis, culture urbaine, Paris 1er, Paris 2e, Paris 3e, Paris 4e, Paris 5e, Paris 6e, Paris 7e, Paris 8e, Paris 9e, Paris 10e, Paris 11e, Paris 12e, Paris 13e, Paris 14e, Paris 15e, Paris 16e, Paris 17e, Paris 18e, Paris 19e, Paris 20e, Montmartre, Le Marais, Saint-Germain-des-Pr\u00e9s, Belleville, Canal Saint-Martin, Le Quartier Latin, Pigalle, Champs-\u00c9lys\u00e9es, Bastille, R\u00e9publique, Place de la Concorde, Trocad\u00e9ro, Luxembourg, Les Halles, Gare du Nord, Gare de Lyon, La D\u00e9fense, Montparnasse, Le Panth\u00e9on, Jardin des Plantes, Parc des Buttes-Chaumont, Paris intra-muros, banlieue parisienne, culture du cannabis \u00e0 Paris, r\u00e9glementation du cannabis \u00e0 Paris, consommation en dehors de chez soi, interdiction de fumer, fumer dans la rue, l\u00e9gislation sur le cannabis en France, contr\u00f4le de police, amende pour cannabis, consommation \u00e0 domicile, consommation priv\u00e9e, fumer \u00e0 domicile,","publisher":{"@id":"https:\/\/thcparis.com\/#organization"},"potentialAction":[{"@type":"SearchAction","target":{"@type":"EntryPoint","urlTemplate":"https:\/\/thcparis.com\/?s={search_term_string}"},"query-input":{"@type":"PropertyValueSpecification","valueRequired":true,"valueName":"search_term_string"}}],"inLanguage":"fr-FR"},{"@type":"Organization","@id":"https:\/\/thcparis.com\/#organization","name":"Acheter Cannabis Paris - Livraison Cannabis - 420 france - Principal Whatsapp+34677084290 SIGNAL - yeffy (no english support) - Secundario AttCliente Whatsapp +34603657496 SIGNAL - Leo (English support) - panterarosa1772@gmail.com","url":"https:\/\/thcparis.com\/","logo":{"@type":"ImageObject","inLanguage":"fr-FR","@id":"https:\/\/thcparis.com\/#\/schema\/logo\/image\/","url":"https:\/\/thcparis.com\/wp-content\/uploads\/2024\/12\/cropped-images-2.jpg","contentUrl":"https:\/\/thcparis.com\/wp-content\/uploads\/2024\/12\/cropped-images-2.jpg","width":512,"height":512,"caption":"Acheter Cannabis Paris - Livraison Cannabis - 420 france - Principal Whatsapp+34677084290 SIGNAL - yeffy (no english support) - Secundario AttCliente Whatsapp +34603657496 SIGNAL - Leo (English support) - panterarosa1772@gmail.com"},"image":{"@id":"https:\/\/thcparis.com\/#\/schema\/logo\/image\/"}}]}},"_links":{"self":[{"href":"https:\/\/thcparis.com\/index.php\/wp-json\/wp\/v2\/pages\/21","targetHints":{"allow":["GET"]}}],"collection":[{"href":"https:\/\/thcparis.com\/index.php\/wp-json\/wp\/v2\/pages"}],"about":[{"href":"https:\/\/thcparis.com\/index.php\/wp-json\/wp\/v2\/types\/page"}],"author":[{"embeddable":true,"href":"https:\/\/thcparis.com\/index.php\/wp-json\/wp\/v2\/users\/1"}],"replies":[{"embeddable":true,"href":"https:\/\/thcparis.com\/index.php\/wp-json\/wp\/v2\/comments?post=21"}],"version-history":[{"count":0,"href":"https:\/\/thcparis.com\/index.php\/wp-json\/wp\/v2\/pages\/21\/revisions"}],"wp:attachment":[{"href":"https:\/\/thcparis.com\/index.php\/wp-json\/wp\/v2\/media?parent=21"}],"curies":[{"name":"wp","href":"https:\/\/api.w.org\/{rel}","templated":true}]}}