{"id":25,"date":"2024-12-14T19:46:28","date_gmt":"2024-12-14T19:46:28","guid":{"rendered":"https:\/\/thcparis.com\/?page_id=25"},"modified":"2024-12-14T19:46:28","modified_gmt":"2024-12-14T19:46:28","slug":"metatags5en","status":"publish","type":"page","link":"https:\/\/thcparis.com\/index.php\/metatags5en\/","title":{"rendered":"metatags5EN"},"content":{"rendered":"<p>buy cannabis in Paris, cannabis Paris, marijuana Paris, where to buy cannabis Paris, cannabis for tourists, weed in Paris, cannabis stores Paris, legal cannabis Paris, cannabis shops Paris, CBD in Paris, buy weed in Paris, marijuana for tourists Paris, cannabis dispensaries Paris, cannabis delivery Paris, smoking cannabis Paris, cannabis culture Paris, THC products Paris, buying cannabis online Paris, cannabis edibles Paris, cannabis shops near me, Paris cannabis law, recreational cannabis Paris, cannabis products Paris, cannabis for sale Paris, cannabis in cafes Paris, weed delivery Paris, Paris marijuana shops, buying marijuana Paris, best cannabis Paris, high quality cannabis Paris, cannabis for beginners Paris, cannabis vape Paris, cannabis oil Paris, hashish Paris, marijuana prices Paris, cannabis strains Paris, top cannabis Paris, cannabis Paris 2024, where to find cannabis Paris, cannabis tourism Paris, marijuana for tourists in Paris, cannabis consumption Paris, best weed Paris, legal weed Paris, smoking weed in Paris, Paris marijuana market, marijuana delivery Paris, cannabis cafes Paris, cannabis lounges Paris, marijuana consumption rules Paris, cannabis laws France, cannabis tour Paris, edibles cannabis Paris, Paris cannabis tours, cannabis shops in Paris for tourists, purchase cannabis Paris, marijuana dispensaries Paris, legal marijuana France, buy hashish Paris, CBD oils Paris, cannabis online Paris, cannabis for relaxation Paris, cannabis for stress Paris, cannabis for sleep Paris, marijuana for pain Paris, buy cannabis near Eiffel Tower, cannabis in Montmartre, cannabis in Le Marais, buy weed near Champs-Elys\u00e9es, cannabis near Gare du Nord, cannabis near Gare de Lyon, where to buy CBD in Paris, hash for tourists Paris, cannabis vaping Paris, buy cannabis at night Paris, cannabis for anxiety Paris, cannabis for health Paris, how to buy cannabis Paris, weed shops in Paris, cannabis for medical purposes Paris, cannabis edibles shops Paris, buy CBD products Paris, cannabis souvenirs Paris, Paris marijuana guide, buying cannabis safely Paris, French cannabis laws, purchasing cannabis legally Paris, marijuana in Paris, cannabis experience Paris, best cannabis shops Paris, weed culture Paris, buying marijuana legally Paris, cannabis tasting Paris, cannabis accessories Paris, cannabis tourism France, purchase marijuana Paris, buying weed online Paris, cannabis for relaxation Paris, best cannabis strains Paris, cannabis for anxiety relief Paris, cannabis for sleep disorders Paris, weed in Paris for visitors, cannabis for tourists Paris, smoking spots in Paris, cannabis edibles for tourists, where to get cannabis Paris, Paris cannabis guides, cannabis prices Paris, buying cannabis responsibly Paris, Paris cannabis laws for tourists, high THC cannabis Paris, cannabis market in Paris, cannabis and travel Paris, weed culture France, cannabis and tourism Paris, cannabis dispensaries in Paris, cannabis delivery to hotels Paris, marijuana shops in Paris, cannabis in France, how to smoke cannabis Paris, cannabis and sightseeing Paris, best cannabis for relaxation Paris, edibles and cannabis Paris, buy weed on Champs-Elys\u00e9es, marijuana on Rue de Rivoli, cannabis in Paris for tourists, cannabis in Paris for non-residents, smoking cannabis in Paris safely, cannabis smoking lounges Paris, THC products for tourists Paris, cannabis-friendly accommodations Paris, cannabis experiences Paris, cannabis events Paris, cannabis products for visitors, Paris cannabis friendly hotels, purchasing marijuana in Paris, cannabis smoking rules Paris, cannabis lounges for tourists, smoking cannabis at Paris cafes, top cannabis strains Paris, cannabis for medical use in Paris, buy cannabis products near Paris, cannabis legal status Paris, cannabis community Paris, French cannabis laws 2024, cannabis delivery services Paris, buy hash online Paris, CBD products for tourists Paris, marijuana dispensaries near me, cannabis edibles delivery Paris, smoking weed responsibly Paris, cannabis smoking culture Paris, buying marijuana legally in Paris, best cannabis strains for tourists, weed guides Paris, marijuana events Paris, best marijuana for relaxation Paris, cannabis-friendly places Paris, CBD cannabis Paris, cannabis for relaxation in Paris, Paris cannabis products online, cannabis tours Paris, cannabis travel guide Paris, THC edibles Paris, hashish for tourists Paris, marijuana shopping Paris, cannabis friendly hotels Paris, cannabis culture for tourists Paris, best marijuana shops Paris, cannabis vape pens Paris, weed cafes Paris, cannabis markets Paris, edibles for tourists Paris, cannabis delivery for tourists Paris, cannabis strains in Paris, marijuana stores for tourists, cannabis events for tourists, smoking weed legally Paris, cannabis buying tips Paris, how to buy weed Paris, Paris cannabis regulations, cannabis buying guide Paris, legal weed in Paris, marijuana prices in Paris, cannabis services Paris, CBD vape Paris, cannabis dispensaries for tourists, where to smoke cannabis Paris, cannabis products for travelers, cannabis purchase tips Paris, cannabis consumption rules for tourists, weed spots Paris, buying cannabis near monuments Paris, weed delivery to your hotel Paris, marijuana for foreign tourists, legal cannabis purchase Paris, cannabis info Paris, cannabis shops for tourists Paris, best marijuana for tourists Paris, cannabis purchase in Paris 2024.<\/p>\n<div class='smartthreema_box'><img src='https:\/\/thcparis.com\/wp-content\/plugins\/smart-threema\/images\/floating-button-threema-klein.png' class='smartthreema_img'><a href='https:\/\/three.ma\/JHXT6HHA' target='_blank' class='smartthreema_link'>Please Download Threema App<\/a><br><div class='smartthreema_minimsg'>to your Mobile Device and click again<\/div><\/div>","protected":false},"excerpt":{"rendered":"<p>buy cannabis in Paris, cannabis Paris, marijuana Paris, where to buy cannabis Paris, cannabis for tourists, weed in Paris, cannabis stores Paris, legal cannabis Paris, cannabis shops Paris, CBD in Paris, buy weed in Paris, marijuana for tourists Paris, cannabis dispensaries Paris, cannabis delivery Paris, smoking cannabis Paris, cannabis culture Paris, THC products Paris, buying [&hellip;]<\/p>\n","protected":false},"author":1,"featured_media":0,"parent":0,"menu_order":0,"comment_status":"closed","ping_status":"closed","template":"","meta":{"footnotes":""},"class_list":["post-25","page","type-page","status-publish","hentry"],"yoast_head":"<!-- This site is optimized with the Yoast SEO plugin v27.4 - https:\/\/yoast.com\/product\/yoast-seo-wordpress\/ -->\n<title>metatags5EN - Acheter Cannabis Paris - Livraison Cannabis - 420 france - Principal Whatsapp+34677084290 SIGNAL - yeffy (no english support) - Secundario AttCliente Whatsapp-Telegram +34664537342&nbsp;@cmmleomadrid.65 &ndash; CMM SIGNAL @cmmleomadrid.65 &ndash; Leo (English support) - panterarosa1772@gmail.com - Threema: JHXT6HHA<\/title>\n<meta name=\"robots\" content=\"index, follow, max-snippet:-1, max-image-preview:large, max-video-preview:-1\" \/>\n<link rel=\"canonical\" href=\"https:\/\/thcparis.com\/index.php\/metatags5en\/\" \/>\n<meta property=\"og:locale\" content=\"fr_FR\" \/>\n<meta property=\"og:type\" content=\"article\" \/>\n<meta property=\"og:title\" content=\"metatags5EN - Acheter Cannabis Paris - Livraison Cannabis - 420 france - Principal Whatsapp+34677084290 SIGNAL - yeffy (no english support) - Secundario AttCliente Whatsapp-Telegram +34664537342&nbsp;@cmmleomadrid.65 &ndash; CMM SIGNAL @cmmleomadrid.65 &ndash; Leo (English support) - panterarosa1772@gmail.com - Threema: JHXT6HHA\" \/>\n<meta property=\"og:description\" content=\"buy cannabis in Paris, cannabis Paris, marijuana Paris, where to buy cannabis Paris, cannabis for tourists, weed in Paris, cannabis stores Paris, legal cannabis Paris, cannabis shops Paris, CBD in Paris, buy weed in Paris, marijuana for tourists Paris, cannabis dispensaries Paris, cannabis delivery Paris, smoking cannabis Paris, cannabis culture Paris, THC products Paris, buying [&hellip;]\" \/>\n<meta property=\"og:url\" content=\"https:\/\/thcparis.com\/index.php\/metatags5en\/\" \/>\n<meta property=\"og:site_name\" content=\"Acheter Cannabis Paris - Livraison Cannabis - 420 france - Principal Whatsapp+34677084290 SIGNAL - yeffy (no english support) - Secundario AttCliente Whatsapp-Telegram +34664537342&nbsp;@cmmleomadrid.65 &ndash; CMM SIGNAL @cmmleomadrid.65 &ndash; Leo (English support) - panterarosa1772@gmail.com - Threema: JHXT6HHA\" \/>\n<meta name=\"twitter:card\" content=\"summary_large_image\" \/>\n<meta name=\"twitter:label1\" content=\"Dur\u00e9e de lecture estim\u00e9e\" \/>\n\t<meta name=\"twitter:data1\" content=\"4 minutes\" \/>\n<script type=\"application\/ld+json\" class=\"yoast-schema-graph\">{\"@context\":\"https:\\\/\\\/schema.org\",\"@graph\":[{\"@type\":\"WebPage\",\"@id\":\"https:\\\/\\\/thcparis.com\\\/index.php\\\/metatags5en\\\/\",\"url\":\"https:\\\/\\\/thcparis.com\\\/index.php\\\/metatags5en\\\/\",\"name\":\"metatags5EN - Acheter Cannabis Paris - Livraison Cannabis - 420 france - Principal Whatsapp+34677084290 SIGNAL - yeffy (no english support) - Secundario AttCliente Whatsapp-Telegram +34664537342&nbsp;@cmmleomadrid.65 &ndash; CMM SIGNAL @cmmleomadrid.65 &ndash; Leo (English support) - panterarosa1772@gmail.com - Threema: JHXT6HHA\",\"isPartOf\":{\"@id\":\"https:\\\/\\\/thcparis.com\\\/#website\"},\"datePublished\":\"2024-12-14T19:46:28+00:00\",\"breadcrumb\":{\"@id\":\"https:\\\/\\\/thcparis.com\\\/index.php\\\/metatags5en\\\/#breadcrumb\"},\"inLanguage\":\"fr-FR\",\"potentialAction\":[{\"@type\":\"ReadAction\",\"target\":[\"https:\\\/\\\/thcparis.com\\\/index.php\\\/metatags5en\\\/\"]}]},{\"@type\":\"BreadcrumbList\",\"@id\":\"https:\\\/\\\/thcparis.com\\\/index.php\\\/metatags5en\\\/#breadcrumb\",\"itemListElement\":[{\"@type\":\"ListItem\",\"position\":1,\"name\":\"Accueil\",\"item\":\"https:\\\/\\\/thcparis.com\\\/\"},{\"@type\":\"ListItem\",\"position\":2,\"name\":\"metatags5EN\"}]},{\"@type\":\"WebSite\",\"@id\":\"https:\\\/\\\/thcparis.com\\\/#website\",\"url\":\"https:\\\/\\\/thcparis.com\\\/\",\"name\":\"Acheter Cannabis Paris - Livraison Cannabis - 420 france - Principal Whatsapp+34677084290 SIGNAL - yeffy (no english support) - Secundario AttCliente Whatsapp +34603657496 SIGNAL - Leo (English support) - panterarosa1772@gmail.com\",\"description\":\"fumer du cannabis, Paris, quartiers de Paris, marijuana, herbe, cannabis, THC, CBD, joints, vaporisateur, fumer en public, consommation de cannabis, l\u00e9gislation du cannabis, consommation responsable, fumer \u00e0 Paris, cannabis r\u00e9cr\u00e9atif, cannabis th\u00e9rapeutique, fum\u00e9e de cannabis, culture urbaine, Paris 1er, Paris 2e, Paris 3e, Paris 4e, Paris 5e, Paris 6e, Paris 7e, Paris 8e, Paris 9e, Paris 10e, Paris 11e, Paris 12e, Paris 13e, Paris 14e, Paris 15e, Paris 16e, Paris 17e, Paris 18e, Paris 19e, Paris 20e, Montmartre, Le Marais, Saint-Germain-des-Pr\u00e9s, Belleville, Canal Saint-Martin, Le Quartier Latin, Pigalle, Champs-\u00c9lys\u00e9es, Bastille, R\u00e9publique, Place de la Concorde, Trocad\u00e9ro, Luxembourg, Les Halles, Gare du Nord, Gare de Lyon, La D\u00e9fense, Montparnasse, Le Panth\u00e9on, Jardin des Plantes, Parc des Buttes-Chaumont, Paris intra-muros, banlieue parisienne, culture du cannabis \u00e0 Paris, r\u00e9glementation du cannabis \u00e0 Paris, consommation en dehors de chez soi, interdiction de fumer, fumer dans la rue, l\u00e9gislation sur le cannabis en France, contr\u00f4le de police, amende pour cannabis, consommation \u00e0 domicile, consommation priv\u00e9e, fumer \u00e0 domicile,\",\"publisher\":{\"@id\":\"https:\\\/\\\/thcparis.com\\\/#organization\"},\"potentialAction\":[{\"@type\":\"SearchAction\",\"target\":{\"@type\":\"EntryPoint\",\"urlTemplate\":\"https:\\\/\\\/thcparis.com\\\/?s={search_term_string}\"},\"query-input\":{\"@type\":\"PropertyValueSpecification\",\"valueRequired\":true,\"valueName\":\"search_term_string\"}}],\"inLanguage\":\"fr-FR\"},{\"@type\":\"Organization\",\"@id\":\"https:\\\/\\\/thcparis.com\\\/#organization\",\"name\":\"Acheter Cannabis Paris - Livraison Cannabis - 420 france - Principal Whatsapp+34677084290 SIGNAL - yeffy (no english support) - Secundario AttCliente Whatsapp +34603657496 SIGNAL - Leo (English support) - panterarosa1772@gmail.com\",\"url\":\"https:\\\/\\\/thcparis.com\\\/\",\"logo\":{\"@type\":\"ImageObject\",\"inLanguage\":\"fr-FR\",\"@id\":\"https:\\\/\\\/thcparis.com\\\/#\\\/schema\\\/logo\\\/image\\\/\",\"url\":\"https:\\\/\\\/thcparis.com\\\/wp-content\\\/uploads\\\/2024\\\/12\\\/cropped-images-2.jpg\",\"contentUrl\":\"https:\\\/\\\/thcparis.com\\\/wp-content\\\/uploads\\\/2024\\\/12\\\/cropped-images-2.jpg\",\"width\":512,\"height\":512,\"caption\":\"Acheter Cannabis Paris - Livraison Cannabis - 420 france - Principal Whatsapp+34677084290 SIGNAL - yeffy (no english support) - Secundario AttCliente Whatsapp +34603657496 SIGNAL - Leo (English support) - panterarosa1772@gmail.com\"},\"image\":{\"@id\":\"https:\\\/\\\/thcparis.com\\\/#\\\/schema\\\/logo\\\/image\\\/\"}}]}<\/script>\n<!-- \/ Yoast SEO plugin. -->","yoast_head_json":{"title":"metatags5EN - Acheter Cannabis Paris - Livraison Cannabis - 420 france - Principal Whatsapp+34677084290 SIGNAL - yeffy (no english support) - Secundario AttCliente Whatsapp-Telegram +34664537342&nbsp;@cmmleomadrid.65 &ndash; CMM SIGNAL @cmmleomadrid.65 &ndash; Leo (English support) - panterarosa1772@gmail.com - Threema: JHXT6HHA","robots":{"index":"index","follow":"follow","max-snippet":"max-snippet:-1","max-image-preview":"max-image-preview:large","max-video-preview":"max-video-preview:-1"},"canonical":"https:\/\/thcparis.com\/index.php\/metatags5en\/","og_locale":"fr_FR","og_type":"article","og_title":"metatags5EN - Acheter Cannabis Paris - Livraison Cannabis - 420 france - Principal Whatsapp+34677084290 SIGNAL - yeffy (no english support) - Secundario AttCliente Whatsapp-Telegram +34664537342&nbsp;@cmmleomadrid.65 &ndash; CMM SIGNAL @cmmleomadrid.65 &ndash; Leo (English support) - panterarosa1772@gmail.com - Threema: JHXT6HHA","og_description":"buy cannabis in Paris, cannabis Paris, marijuana Paris, where to buy cannabis Paris, cannabis for tourists, weed in Paris, cannabis stores Paris, legal cannabis Paris, cannabis shops Paris, CBD in Paris, buy weed in Paris, marijuana for tourists Paris, cannabis dispensaries Paris, cannabis delivery Paris, smoking cannabis Paris, cannabis culture Paris, THC products Paris, buying [&hellip;]","og_url":"https:\/\/thcparis.com\/index.php\/metatags5en\/","og_site_name":"Acheter Cannabis Paris - Livraison Cannabis - 420 france - Principal Whatsapp+34677084290 SIGNAL - yeffy (no english support) - Secundario AttCliente Whatsapp-Telegram +34664537342&nbsp;@cmmleomadrid.65 &ndash; CMM SIGNAL @cmmleomadrid.65 &ndash; Leo (English support) - panterarosa1772@gmail.com - Threema: JHXT6HHA","twitter_card":"summary_large_image","twitter_misc":{"Dur\u00e9e de lecture estim\u00e9e":"4 minutes"},"schema":{"@context":"https:\/\/schema.org","@graph":[{"@type":"WebPage","@id":"https:\/\/thcparis.com\/index.php\/metatags5en\/","url":"https:\/\/thcparis.com\/index.php\/metatags5en\/","name":"metatags5EN - Acheter Cannabis Paris - Livraison Cannabis - 420 france - Principal Whatsapp+34677084290 SIGNAL - yeffy (no english support) - Secundario AttCliente Whatsapp-Telegram +34664537342&nbsp;@cmmleomadrid.65 &ndash; CMM SIGNAL @cmmleomadrid.65 &ndash; Leo (English support) - panterarosa1772@gmail.com - Threema: JHXT6HHA","isPartOf":{"@id":"https:\/\/thcparis.com\/#website"},"datePublished":"2024-12-14T19:46:28+00:00","breadcrumb":{"@id":"https:\/\/thcparis.com\/index.php\/metatags5en\/#breadcrumb"},"inLanguage":"fr-FR","potentialAction":[{"@type":"ReadAction","target":["https:\/\/thcparis.com\/index.php\/metatags5en\/"]}]},{"@type":"BreadcrumbList","@id":"https:\/\/thcparis.com\/index.php\/metatags5en\/#breadcrumb","itemListElement":[{"@type":"ListItem","position":1,"name":"Accueil","item":"https:\/\/thcparis.com\/"},{"@type":"ListItem","position":2,"name":"metatags5EN"}]},{"@type":"WebSite","@id":"https:\/\/thcparis.com\/#website","url":"https:\/\/thcparis.com\/","name":"Acheter Cannabis Paris - Livraison Cannabis - 420 france - Principal Whatsapp+34677084290 SIGNAL - yeffy (no english support) - Secundario AttCliente Whatsapp +34603657496 SIGNAL - Leo (English support) - panterarosa1772@gmail.com","description":"fumer du cannabis, Paris, quartiers de Paris, marijuana, herbe, cannabis, THC, CBD, joints, vaporisateur, fumer en public, consommation de cannabis, l\u00e9gislation du cannabis, consommation responsable, fumer \u00e0 Paris, cannabis r\u00e9cr\u00e9atif, cannabis th\u00e9rapeutique, fum\u00e9e de cannabis, culture urbaine, Paris 1er, Paris 2e, Paris 3e, Paris 4e, Paris 5e, Paris 6e, Paris 7e, Paris 8e, Paris 9e, Paris 10e, Paris 11e, Paris 12e, Paris 13e, Paris 14e, Paris 15e, Paris 16e, Paris 17e, Paris 18e, Paris 19e, Paris 20e, Montmartre, Le Marais, Saint-Germain-des-Pr\u00e9s, Belleville, Canal Saint-Martin, Le Quartier Latin, Pigalle, Champs-\u00c9lys\u00e9es, Bastille, R\u00e9publique, Place de la Concorde, Trocad\u00e9ro, Luxembourg, Les Halles, Gare du Nord, Gare de Lyon, La D\u00e9fense, Montparnasse, Le Panth\u00e9on, Jardin des Plantes, Parc des Buttes-Chaumont, Paris intra-muros, banlieue parisienne, culture du cannabis \u00e0 Paris, r\u00e9glementation du cannabis \u00e0 Paris, consommation en dehors de chez soi, interdiction de fumer, fumer dans la rue, l\u00e9gislation sur le cannabis en France, contr\u00f4le de police, amende pour cannabis, consommation \u00e0 domicile, consommation priv\u00e9e, fumer \u00e0 domicile,","publisher":{"@id":"https:\/\/thcparis.com\/#organization"},"potentialAction":[{"@type":"SearchAction","target":{"@type":"EntryPoint","urlTemplate":"https:\/\/thcparis.com\/?s={search_term_string}"},"query-input":{"@type":"PropertyValueSpecification","valueRequired":true,"valueName":"search_term_string"}}],"inLanguage":"fr-FR"},{"@type":"Organization","@id":"https:\/\/thcparis.com\/#organization","name":"Acheter Cannabis Paris - Livraison Cannabis - 420 france - Principal Whatsapp+34677084290 SIGNAL - yeffy (no english support) - Secundario AttCliente Whatsapp +34603657496 SIGNAL - Leo (English support) - panterarosa1772@gmail.com","url":"https:\/\/thcparis.com\/","logo":{"@type":"ImageObject","inLanguage":"fr-FR","@id":"https:\/\/thcparis.com\/#\/schema\/logo\/image\/","url":"https:\/\/thcparis.com\/wp-content\/uploads\/2024\/12\/cropped-images-2.jpg","contentUrl":"https:\/\/thcparis.com\/wp-content\/uploads\/2024\/12\/cropped-images-2.jpg","width":512,"height":512,"caption":"Acheter Cannabis Paris - Livraison Cannabis - 420 france - Principal Whatsapp+34677084290 SIGNAL - yeffy (no english support) - Secundario AttCliente Whatsapp +34603657496 SIGNAL - Leo (English support) - panterarosa1772@gmail.com"},"image":{"@id":"https:\/\/thcparis.com\/#\/schema\/logo\/image\/"}}]}},"_links":{"self":[{"href":"https:\/\/thcparis.com\/index.php\/wp-json\/wp\/v2\/pages\/25","targetHints":{"allow":["GET"]}}],"collection":[{"href":"https:\/\/thcparis.com\/index.php\/wp-json\/wp\/v2\/pages"}],"about":[{"href":"https:\/\/thcparis.com\/index.php\/wp-json\/wp\/v2\/types\/page"}],"author":[{"embeddable":true,"href":"https:\/\/thcparis.com\/index.php\/wp-json\/wp\/v2\/users\/1"}],"replies":[{"embeddable":true,"href":"https:\/\/thcparis.com\/index.php\/wp-json\/wp\/v2\/comments?post=25"}],"version-history":[{"count":0,"href":"https:\/\/thcparis.com\/index.php\/wp-json\/wp\/v2\/pages\/25\/revisions"}],"wp:attachment":[{"href":"https:\/\/thcparis.com\/index.php\/wp-json\/wp\/v2\/media?parent=25"}],"curies":[{"name":"wp","href":"https:\/\/api.w.org\/{rel}","templated":true}]}}