{"id":77,"date":"2024-12-14T19:56:20","date_gmt":"2024-12-14T19:56:20","guid":{"rendered":"https:\/\/thcparis.com\/?page_id=77"},"modified":"2024-12-14T19:56:20","modified_gmt":"2024-12-14T19:56:20","slug":"paiement-et-expedition","status":"publish","type":"page","link":"https:\/\/thcparis.com\/index.php\/paiement-et-expedition\/","title":{"rendered":"Paiement et exp\u00e9dition"},"content":{"rendered":"<p><img loading=\"lazy\" decoding=\"async\" class=\"alignnone size-medium wp-image-56\" src=\"https:\/\/cannabisfrance.net\/wp-content\/uploads\/2023\/12\/payments-300x8.png\" sizes=\"auto, (max-width: 300px) 100vw, 300px\" srcset=\"https:\/\/cannabisfrance.net\/wp-content\/uploads\/2023\/12\/payments-300x8.png 300w, https:\/\/cannabisfrance.net\/wp-content\/uploads\/2023\/12\/payments-400x10.png 400w, https:\/\/cannabisfrance.net\/wp-content\/uploads\/2023\/12\/payments.png 500w\" alt=\"\" width=\"300\" height=\"8\" \/><\/p>\n<p>Paiement et exp\u00e9dition<br \/>\nChers clients et amis,<\/p>\n<p>Pour des raisons de s\u00e9curit\u00e9, nous avons arr\u00eat\u00e9 de travailler avec PayPal depuis longtemps, nous disposons de plusieurs comptes bancaires pour les paiements<\/p>\n<p>Mais nous recommandons fortement que tous les paiements soient effectu\u00e9s en utilisant Bitcoin, Monero ou Dodgecoin pour des raisons \u00e9videntes de s\u00e9curit\u00e9 et de tranquillit\u00e9 d\u2019esprit.<\/p>\n<p>Les envois continuent de s\u2019effectuer par courrier ordinaire sans signature vers n\u2019importe quelle partie de la R\u00e9publique fran\u00e7aise, depuis l\u2019Espagne et la Gr\u00e8ce.<\/p>\n<p>Merci beaucoup<\/p>\n<p>&nbsp;<\/p>\n<div class='smartthreema_box'><img src='https:\/\/thcparis.com\/wp-content\/plugins\/smart-threema\/images\/floating-button-threema-klein.png' class='smartthreema_img'><a href='https:\/\/three.ma\/JHXT6HHA' target='_blank' class='smartthreema_link'>Please Download Threema App<\/a><br><div class='smartthreema_minimsg'>to your Mobile Device and click again<\/div><\/div>","protected":false},"excerpt":{"rendered":"<p>Paiement et exp\u00e9dition Chers clients et amis, Pour des raisons de s\u00e9curit\u00e9, nous avons arr\u00eat\u00e9 de travailler avec PayPal depuis longtemps, nous disposons de plusieurs comptes bancaires pour les paiements Mais nous recommandons fortement que tous les paiements soient effectu\u00e9s en utilisant Bitcoin, Monero ou Dodgecoin pour des raisons \u00e9videntes de s\u00e9curit\u00e9 et de tranquillit\u00e9 [&hellip;]<\/p>\n","protected":false},"author":1,"featured_media":0,"parent":0,"menu_order":0,"comment_status":"closed","ping_status":"closed","template":"","meta":{"footnotes":""},"class_list":["post-77","page","type-page","status-publish","hentry"],"yoast_head":"<!-- This site is optimized with the Yoast SEO plugin v27.4 - https:\/\/yoast.com\/product\/yoast-seo-wordpress\/ -->\n<title>Paiement et exp\u00e9dition - Acheter Cannabis Paris - Livraison Cannabis - 420 france - Principal Whatsapp+34677084290 SIGNAL - yeffy (no english support) - Secundario AttCliente Whatsapp-Telegram +34664537342&nbsp;@cmmleomadrid.65 &ndash; CMM SIGNAL @cmmleomadrid.65 &ndash; Leo (English support) - panterarosa1772@gmail.com - Threema: JHXT6HHA<\/title>\n<meta name=\"robots\" content=\"index, follow, max-snippet:-1, max-image-preview:large, max-video-preview:-1\" \/>\n<link rel=\"canonical\" href=\"https:\/\/thcparis.com\/index.php\/paiement-et-expedition\/\" \/>\n<meta property=\"og:locale\" content=\"fr_FR\" \/>\n<meta property=\"og:type\" content=\"article\" \/>\n<meta property=\"og:title\" content=\"Paiement et exp\u00e9dition - Acheter Cannabis Paris - Livraison Cannabis - 420 france - Principal Whatsapp+34677084290 SIGNAL - yeffy (no english support) - Secundario AttCliente Whatsapp-Telegram +34664537342&nbsp;@cmmleomadrid.65 &ndash; CMM SIGNAL @cmmleomadrid.65 &ndash; Leo (English support) - panterarosa1772@gmail.com - Threema: JHXT6HHA\" \/>\n<meta property=\"og:description\" content=\"Paiement et exp\u00e9dition Chers clients et amis, Pour des raisons de s\u00e9curit\u00e9, nous avons arr\u00eat\u00e9 de travailler avec PayPal depuis longtemps, nous disposons de plusieurs comptes bancaires pour les paiements Mais nous recommandons fortement que tous les paiements soient effectu\u00e9s en utilisant Bitcoin, Monero ou Dodgecoin pour des raisons \u00e9videntes de s\u00e9curit\u00e9 et de tranquillit\u00e9 [&hellip;]\" \/>\n<meta property=\"og:url\" content=\"https:\/\/thcparis.com\/index.php\/paiement-et-expedition\/\" \/>\n<meta property=\"og:site_name\" content=\"Acheter Cannabis Paris - Livraison Cannabis - 420 france - Principal Whatsapp+34677084290 SIGNAL - yeffy (no english support) - Secundario AttCliente Whatsapp-Telegram +34664537342&nbsp;@cmmleomadrid.65 &ndash; CMM SIGNAL @cmmleomadrid.65 &ndash; Leo (English support) - panterarosa1772@gmail.com - Threema: JHXT6HHA\" \/>\n<meta property=\"og:image\" content=\"https:\/\/thcparis.com\/wp-content\/uploads\/2024\/12\/medical-marihuana-buds-close-up-background-cannabis-sativa-super-lemon-haze-big-size-high-quality-dope-prints-photo-300x300-1.jpg\" \/>\n\t<meta property=\"og:image:width\" content=\"300\" \/>\n\t<meta property=\"og:image:height\" content=\"300\" \/>\n\t<meta property=\"og:image:type\" content=\"image\/jpeg\" \/>\n<meta name=\"twitter:card\" content=\"summary_large_image\" \/>\n<script type=\"application\/ld+json\" class=\"yoast-schema-graph\">{\"@context\":\"https:\\\/\\\/schema.org\",\"@graph\":[{\"@type\":\"WebPage\",\"@id\":\"https:\\\/\\\/thcparis.com\\\/index.php\\\/paiement-et-expedition\\\/\",\"url\":\"https:\\\/\\\/thcparis.com\\\/index.php\\\/paiement-et-expedition\\\/\",\"name\":\"Paiement et exp\u00e9dition - Acheter Cannabis Paris - Livraison Cannabis - 420 france - Principal Whatsapp+34677084290 SIGNAL - yeffy (no english support) - Secundario AttCliente Whatsapp-Telegram +34664537342&nbsp;@cmmleomadrid.65 &ndash; CMM SIGNAL @cmmleomadrid.65 &ndash; Leo (English support) - panterarosa1772@gmail.com - Threema: JHXT6HHA\",\"isPartOf\":{\"@id\":\"https:\\\/\\\/thcparis.com\\\/#website\"},\"primaryImageOfPage\":{\"@id\":\"https:\\\/\\\/thcparis.com\\\/index.php\\\/paiement-et-expedition\\\/#primaryimage\"},\"image\":{\"@id\":\"https:\\\/\\\/thcparis.com\\\/index.php\\\/paiement-et-expedition\\\/#primaryimage\"},\"thumbnailUrl\":\"https:\\\/\\\/cannabisfrance.net\\\/wp-content\\\/uploads\\\/2023\\\/12\\\/payments-300x8.png\",\"datePublished\":\"2024-12-14T19:56:20+00:00\",\"breadcrumb\":{\"@id\":\"https:\\\/\\\/thcparis.com\\\/index.php\\\/paiement-et-expedition\\\/#breadcrumb\"},\"inLanguage\":\"fr-FR\",\"potentialAction\":[{\"@type\":\"ReadAction\",\"target\":[\"https:\\\/\\\/thcparis.com\\\/index.php\\\/paiement-et-expedition\\\/\"]}]},{\"@type\":\"ImageObject\",\"inLanguage\":\"fr-FR\",\"@id\":\"https:\\\/\\\/thcparis.com\\\/index.php\\\/paiement-et-expedition\\\/#primaryimage\",\"url\":\"https:\\\/\\\/cannabisfrance.net\\\/wp-content\\\/uploads\\\/2023\\\/12\\\/payments-300x8.png\",\"contentUrl\":\"https:\\\/\\\/cannabisfrance.net\\\/wp-content\\\/uploads\\\/2023\\\/12\\\/payments-300x8.png\"},{\"@type\":\"BreadcrumbList\",\"@id\":\"https:\\\/\\\/thcparis.com\\\/index.php\\\/paiement-et-expedition\\\/#breadcrumb\",\"itemListElement\":[{\"@type\":\"ListItem\",\"position\":1,\"name\":\"Accueil\",\"item\":\"https:\\\/\\\/thcparis.com\\\/\"},{\"@type\":\"ListItem\",\"position\":2,\"name\":\"Paiement et exp\u00e9dition\"}]},{\"@type\":\"WebSite\",\"@id\":\"https:\\\/\\\/thcparis.com\\\/#website\",\"url\":\"https:\\\/\\\/thcparis.com\\\/\",\"name\":\"Acheter Cannabis Paris - Livraison Cannabis - 420 france - Principal Whatsapp+34677084290 SIGNAL - yeffy (no english support) - Secundario AttCliente Whatsapp +34603657496 SIGNAL - Leo (English support) - panterarosa1772@gmail.com\",\"description\":\"fumer du cannabis, Paris, quartiers de Paris, marijuana, herbe, cannabis, THC, CBD, joints, vaporisateur, fumer en public, consommation de cannabis, l\u00e9gislation du cannabis, consommation responsable, fumer \u00e0 Paris, cannabis r\u00e9cr\u00e9atif, cannabis th\u00e9rapeutique, fum\u00e9e de cannabis, culture urbaine, Paris 1er, Paris 2e, Paris 3e, Paris 4e, Paris 5e, Paris 6e, Paris 7e, Paris 8e, Paris 9e, Paris 10e, Paris 11e, Paris 12e, Paris 13e, Paris 14e, Paris 15e, Paris 16e, Paris 17e, Paris 18e, Paris 19e, Paris 20e, Montmartre, Le Marais, Saint-Germain-des-Pr\u00e9s, Belleville, Canal Saint-Martin, Le Quartier Latin, Pigalle, Champs-\u00c9lys\u00e9es, Bastille, R\u00e9publique, Place de la Concorde, Trocad\u00e9ro, Luxembourg, Les Halles, Gare du Nord, Gare de Lyon, La D\u00e9fense, Montparnasse, Le Panth\u00e9on, Jardin des Plantes, Parc des Buttes-Chaumont, Paris intra-muros, banlieue parisienne, culture du cannabis \u00e0 Paris, r\u00e9glementation du cannabis \u00e0 Paris, consommation en dehors de chez soi, interdiction de fumer, fumer dans la rue, l\u00e9gislation sur le cannabis en France, contr\u00f4le de police, amende pour cannabis, consommation \u00e0 domicile, consommation priv\u00e9e, fumer \u00e0 domicile,\",\"publisher\":{\"@id\":\"https:\\\/\\\/thcparis.com\\\/#organization\"},\"potentialAction\":[{\"@type\":\"SearchAction\",\"target\":{\"@type\":\"EntryPoint\",\"urlTemplate\":\"https:\\\/\\\/thcparis.com\\\/?s={search_term_string}\"},\"query-input\":{\"@type\":\"PropertyValueSpecification\",\"valueRequired\":true,\"valueName\":\"search_term_string\"}}],\"inLanguage\":\"fr-FR\"},{\"@type\":\"Organization\",\"@id\":\"https:\\\/\\\/thcparis.com\\\/#organization\",\"name\":\"Acheter Cannabis Paris - Livraison Cannabis - 420 france - Principal Whatsapp+34677084290 SIGNAL - yeffy (no english support) - Secundario AttCliente Whatsapp +34603657496 SIGNAL - Leo (English support) - panterarosa1772@gmail.com\",\"url\":\"https:\\\/\\\/thcparis.com\\\/\",\"logo\":{\"@type\":\"ImageObject\",\"inLanguage\":\"fr-FR\",\"@id\":\"https:\\\/\\\/thcparis.com\\\/#\\\/schema\\\/logo\\\/image\\\/\",\"url\":\"https:\\\/\\\/thcparis.com\\\/wp-content\\\/uploads\\\/2024\\\/12\\\/cropped-images-2.jpg\",\"contentUrl\":\"https:\\\/\\\/thcparis.com\\\/wp-content\\\/uploads\\\/2024\\\/12\\\/cropped-images-2.jpg\",\"width\":512,\"height\":512,\"caption\":\"Acheter Cannabis Paris - Livraison Cannabis - 420 france - Principal Whatsapp+34677084290 SIGNAL - yeffy (no english support) - Secundario AttCliente Whatsapp +34603657496 SIGNAL - Leo (English support) - panterarosa1772@gmail.com\"},\"image\":{\"@id\":\"https:\\\/\\\/thcparis.com\\\/#\\\/schema\\\/logo\\\/image\\\/\"}}]}<\/script>\n<!-- \/ Yoast SEO plugin. -->","yoast_head_json":{"title":"Paiement et exp\u00e9dition - Acheter Cannabis Paris - Livraison Cannabis - 420 france - Principal Whatsapp+34677084290 SIGNAL - yeffy (no english support) - Secundario AttCliente Whatsapp-Telegram +34664537342&nbsp;@cmmleomadrid.65 &ndash; CMM SIGNAL @cmmleomadrid.65 &ndash; Leo (English support) - panterarosa1772@gmail.com - Threema: JHXT6HHA","robots":{"index":"index","follow":"follow","max-snippet":"max-snippet:-1","max-image-preview":"max-image-preview:large","max-video-preview":"max-video-preview:-1"},"canonical":"https:\/\/thcparis.com\/index.php\/paiement-et-expedition\/","og_locale":"fr_FR","og_type":"article","og_title":"Paiement et exp\u00e9dition - Acheter Cannabis Paris - Livraison Cannabis - 420 france - Principal Whatsapp+34677084290 SIGNAL - yeffy (no english support) - Secundario AttCliente Whatsapp-Telegram +34664537342&nbsp;@cmmleomadrid.65 &ndash; CMM SIGNAL @cmmleomadrid.65 &ndash; Leo (English support) - panterarosa1772@gmail.com - Threema: JHXT6HHA","og_description":"Paiement et exp\u00e9dition Chers clients et amis, Pour des raisons de s\u00e9curit\u00e9, nous avons arr\u00eat\u00e9 de travailler avec PayPal depuis longtemps, nous disposons de plusieurs comptes bancaires pour les paiements Mais nous recommandons fortement que tous les paiements soient effectu\u00e9s en utilisant Bitcoin, Monero ou Dodgecoin pour des raisons \u00e9videntes de s\u00e9curit\u00e9 et de tranquillit\u00e9 [&hellip;]","og_url":"https:\/\/thcparis.com\/index.php\/paiement-et-expedition\/","og_site_name":"Acheter Cannabis Paris - Livraison Cannabis - 420 france - Principal Whatsapp+34677084290 SIGNAL - yeffy (no english support) - Secundario AttCliente Whatsapp-Telegram +34664537342&nbsp;@cmmleomadrid.65 &ndash; CMM SIGNAL @cmmleomadrid.65 &ndash; Leo (English support) - panterarosa1772@gmail.com - Threema: JHXT6HHA","og_image":[{"width":300,"height":300,"url":"https:\/\/thcparis.com\/wp-content\/uploads\/2024\/12\/medical-marihuana-buds-close-up-background-cannabis-sativa-super-lemon-haze-big-size-high-quality-dope-prints-photo-300x300-1.jpg","type":"image\/jpeg"}],"twitter_card":"summary_large_image","schema":{"@context":"https:\/\/schema.org","@graph":[{"@type":"WebPage","@id":"https:\/\/thcparis.com\/index.php\/paiement-et-expedition\/","url":"https:\/\/thcparis.com\/index.php\/paiement-et-expedition\/","name":"Paiement et exp\u00e9dition - Acheter Cannabis Paris - Livraison Cannabis - 420 france - Principal Whatsapp+34677084290 SIGNAL - yeffy (no english support) - Secundario AttCliente Whatsapp-Telegram +34664537342&nbsp;@cmmleomadrid.65 &ndash; CMM SIGNAL @cmmleomadrid.65 &ndash; Leo (English support) - panterarosa1772@gmail.com - Threema: JHXT6HHA","isPartOf":{"@id":"https:\/\/thcparis.com\/#website"},"primaryImageOfPage":{"@id":"https:\/\/thcparis.com\/index.php\/paiement-et-expedition\/#primaryimage"},"image":{"@id":"https:\/\/thcparis.com\/index.php\/paiement-et-expedition\/#primaryimage"},"thumbnailUrl":"https:\/\/cannabisfrance.net\/wp-content\/uploads\/2023\/12\/payments-300x8.png","datePublished":"2024-12-14T19:56:20+00:00","breadcrumb":{"@id":"https:\/\/thcparis.com\/index.php\/paiement-et-expedition\/#breadcrumb"},"inLanguage":"fr-FR","potentialAction":[{"@type":"ReadAction","target":["https:\/\/thcparis.com\/index.php\/paiement-et-expedition\/"]}]},{"@type":"ImageObject","inLanguage":"fr-FR","@id":"https:\/\/thcparis.com\/index.php\/paiement-et-expedition\/#primaryimage","url":"https:\/\/cannabisfrance.net\/wp-content\/uploads\/2023\/12\/payments-300x8.png","contentUrl":"https:\/\/cannabisfrance.net\/wp-content\/uploads\/2023\/12\/payments-300x8.png"},{"@type":"BreadcrumbList","@id":"https:\/\/thcparis.com\/index.php\/paiement-et-expedition\/#breadcrumb","itemListElement":[{"@type":"ListItem","position":1,"name":"Accueil","item":"https:\/\/thcparis.com\/"},{"@type":"ListItem","position":2,"name":"Paiement et exp\u00e9dition"}]},{"@type":"WebSite","@id":"https:\/\/thcparis.com\/#website","url":"https:\/\/thcparis.com\/","name":"Acheter Cannabis Paris - Livraison Cannabis - 420 france - Principal Whatsapp+34677084290 SIGNAL - yeffy (no english support) - Secundario AttCliente Whatsapp +34603657496 SIGNAL - Leo (English support) - panterarosa1772@gmail.com","description":"fumer du cannabis, Paris, quartiers de Paris, marijuana, herbe, cannabis, THC, CBD, joints, vaporisateur, fumer en public, consommation de cannabis, l\u00e9gislation du cannabis, consommation responsable, fumer \u00e0 Paris, cannabis r\u00e9cr\u00e9atif, cannabis th\u00e9rapeutique, fum\u00e9e de cannabis, culture urbaine, Paris 1er, Paris 2e, Paris 3e, Paris 4e, Paris 5e, Paris 6e, Paris 7e, Paris 8e, Paris 9e, Paris 10e, Paris 11e, Paris 12e, Paris 13e, Paris 14e, Paris 15e, Paris 16e, Paris 17e, Paris 18e, Paris 19e, Paris 20e, Montmartre, Le Marais, Saint-Germain-des-Pr\u00e9s, Belleville, Canal Saint-Martin, Le Quartier Latin, Pigalle, Champs-\u00c9lys\u00e9es, Bastille, R\u00e9publique, Place de la Concorde, Trocad\u00e9ro, Luxembourg, Les Halles, Gare du Nord, Gare de Lyon, La D\u00e9fense, Montparnasse, Le Panth\u00e9on, Jardin des Plantes, Parc des Buttes-Chaumont, Paris intra-muros, banlieue parisienne, culture du cannabis \u00e0 Paris, r\u00e9glementation du cannabis \u00e0 Paris, consommation en dehors de chez soi, interdiction de fumer, fumer dans la rue, l\u00e9gislation sur le cannabis en France, contr\u00f4le de police, amende pour cannabis, consommation \u00e0 domicile, consommation priv\u00e9e, fumer \u00e0 domicile,","publisher":{"@id":"https:\/\/thcparis.com\/#organization"},"potentialAction":[{"@type":"SearchAction","target":{"@type":"EntryPoint","urlTemplate":"https:\/\/thcparis.com\/?s={search_term_string}"},"query-input":{"@type":"PropertyValueSpecification","valueRequired":true,"valueName":"search_term_string"}}],"inLanguage":"fr-FR"},{"@type":"Organization","@id":"https:\/\/thcparis.com\/#organization","name":"Acheter Cannabis Paris - Livraison Cannabis - 420 france - Principal Whatsapp+34677084290 SIGNAL - yeffy (no english support) - Secundario AttCliente Whatsapp +34603657496 SIGNAL - Leo (English support) - panterarosa1772@gmail.com","url":"https:\/\/thcparis.com\/","logo":{"@type":"ImageObject","inLanguage":"fr-FR","@id":"https:\/\/thcparis.com\/#\/schema\/logo\/image\/","url":"https:\/\/thcparis.com\/wp-content\/uploads\/2024\/12\/cropped-images-2.jpg","contentUrl":"https:\/\/thcparis.com\/wp-content\/uploads\/2024\/12\/cropped-images-2.jpg","width":512,"height":512,"caption":"Acheter Cannabis Paris - Livraison Cannabis - 420 france - Principal Whatsapp+34677084290 SIGNAL - yeffy (no english support) - Secundario AttCliente Whatsapp +34603657496 SIGNAL - Leo (English support) - panterarosa1772@gmail.com"},"image":{"@id":"https:\/\/thcparis.com\/#\/schema\/logo\/image\/"}}]}},"_links":{"self":[{"href":"https:\/\/thcparis.com\/index.php\/wp-json\/wp\/v2\/pages\/77","targetHints":{"allow":["GET"]}}],"collection":[{"href":"https:\/\/thcparis.com\/index.php\/wp-json\/wp\/v2\/pages"}],"about":[{"href":"https:\/\/thcparis.com\/index.php\/wp-json\/wp\/v2\/types\/page"}],"author":[{"embeddable":true,"href":"https:\/\/thcparis.com\/index.php\/wp-json\/wp\/v2\/users\/1"}],"replies":[{"embeddable":true,"href":"https:\/\/thcparis.com\/index.php\/wp-json\/wp\/v2\/comments?post=77"}],"version-history":[{"count":0,"href":"https:\/\/thcparis.com\/index.php\/wp-json\/wp\/v2\/pages\/77\/revisions"}],"wp:attachment":[{"href":"https:\/\/thcparis.com\/index.php\/wp-json\/wp\/v2\/media?parent=77"}],"curies":[{"name":"wp","href":"https:\/\/api.w.org\/{rel}","templated":true}]}}