{"id":8,"date":"2024-12-14T19:36:45","date_gmt":"2024-12-14T19:36:45","guid":{"rendered":"https:\/\/thcparis.com\/?page_id=8"},"modified":"2025-11-19T20:46:23","modified_gmt":"2025-11-19T20:46:23","slug":"contact","status":"publish","type":"page","link":"https:\/\/thcparis.com\/index.php\/contact\/","title":{"rendered":"Contact"},"content":{"rendered":"<h2 id=\"site-title\">whatsapp &amp; SIGNAL \u2013 Principal Whatsapp+34677084290 SIGNAL \u2013 yeffy (no english support) \u2013<\/h2>\n<h1 style=\"text-align: center;\"><em>@cmmleomadrid.65 signal leo\u00a0<\/em><\/h1>\n<h2>Secundario AttCliente new email panterarosa1772@gmail.com LEO &#8211; +34664537342 telegram @cmmtop25<\/h2>\n<p>safe email: cmmtlc@protonmail.com<\/p>\n<p>&nbsp;<\/p>\n<ul>\n<li>no telegram<\/li>\n<\/ul>\n<div class='smartthreema_box'><img src='https:\/\/thcparis.com\/wp-content\/plugins\/smart-threema\/images\/floating-button-threema-klein.png' class='smartthreema_img'><a href='https:\/\/three.ma\/JHXT6HHA' target='_blank' class='smartthreema_link'>Please Download Threema App<\/a><br><div class='smartthreema_minimsg'>to your Mobile Device and click again<\/div><\/div>","protected":false},"excerpt":{"rendered":"<p>whatsapp &amp; SIGNAL \u2013 Principal Whatsapp+34677084290 SIGNAL \u2013 yeffy (no english support) \u2013 @cmmleomadrid.65 signal leo\u00a0 Secundario AttCliente new email panterarosa1772@gmail.com LEO &#8211; +34664537342 telegram @cmmtop25 safe email: cmmtlc@protonmail.com &nbsp; no telegram Please Download Threema Appto your Mobile Device and click again<\/p>\n","protected":false},"author":1,"featured_media":0,"parent":0,"menu_order":0,"comment_status":"closed","ping_status":"closed","template":"","meta":{"footnotes":""},"class_list":["post-8","page","type-page","status-publish","hentry"],"yoast_head":"<!-- This site is optimized with the Yoast SEO plugin v27.4 - https:\/\/yoast.com\/product\/yoast-seo-wordpress\/ -->\n<title>Contact - Acheter Cannabis Paris - Livraison Cannabis - 420 france - Principal Whatsapp+34677084290 SIGNAL - yeffy (no english support) - Secundario AttCliente Whatsapp-Telegram +34664537342&nbsp;@cmmleomadrid.65 &ndash; CMM SIGNAL @cmmleomadrid.65 &ndash; Leo (English support) - panterarosa1772@gmail.com - Threema: JHXT6HHA<\/title>\n<meta name=\"robots\" content=\"index, follow, max-snippet:-1, max-image-preview:large, max-video-preview:-1\" \/>\n<link rel=\"canonical\" href=\"https:\/\/thcparis.com\/index.php\/contact\/\" \/>\n<meta property=\"og:locale\" content=\"fr_FR\" \/>\n<meta property=\"og:type\" content=\"article\" \/>\n<meta property=\"og:title\" content=\"Contact - Acheter Cannabis Paris - Livraison Cannabis - 420 france - Principal Whatsapp+34677084290 SIGNAL - yeffy (no english support) - Secundario AttCliente Whatsapp-Telegram +34664537342&nbsp;@cmmleomadrid.65 &ndash; CMM SIGNAL @cmmleomadrid.65 &ndash; Leo (English support) - panterarosa1772@gmail.com - Threema: JHXT6HHA\" \/>\n<meta property=\"og:description\" content=\"whatsapp &amp; SIGNAL \u2013 Principal Whatsapp+34677084290 SIGNAL \u2013 yeffy (no english support) \u2013 @cmmleomadrid.65 signal leo\u00a0 Secundario AttCliente new email panterarosa1772@gmail.com LEO &#8211; +34664537342 telegram @cmmtop25 safe email: cmmtlc@protonmail.com &nbsp; no telegram Please Download Threema Appto your Mobile Device and click again\" \/>\n<meta property=\"og:url\" content=\"https:\/\/thcparis.com\/index.php\/contact\/\" \/>\n<meta property=\"og:site_name\" content=\"Acheter Cannabis Paris - Livraison Cannabis - 420 france - Principal Whatsapp+34677084290 SIGNAL - yeffy (no english support) - Secundario AttCliente Whatsapp-Telegram +34664537342&nbsp;@cmmleomadrid.65 &ndash; CMM SIGNAL @cmmleomadrid.65 &ndash; Leo (English support) - panterarosa1772@gmail.com - Threema: JHXT6HHA\" \/>\n<meta property=\"article:modified_time\" content=\"2025-11-19T20:46:23+00:00\" \/>\n<meta name=\"twitter:card\" content=\"summary_large_image\" \/>\n<meta name=\"twitter:label1\" content=\"Dur\u00e9e de lecture estim\u00e9e\" \/>\n\t<meta name=\"twitter:data1\" content=\"1 minute\" \/>\n<script type=\"application\/ld+json\" class=\"yoast-schema-graph\">{\"@context\":\"https:\\\/\\\/schema.org\",\"@graph\":[{\"@type\":\"WebPage\",\"@id\":\"https:\\\/\\\/thcparis.com\\\/index.php\\\/contact\\\/\",\"url\":\"https:\\\/\\\/thcparis.com\\\/index.php\\\/contact\\\/\",\"name\":\"Contact - Acheter Cannabis Paris - Livraison Cannabis - 420 france - Principal Whatsapp+34677084290 SIGNAL - yeffy (no english support) - Secundario AttCliente Whatsapp-Telegram +34664537342&nbsp;@cmmleomadrid.65 &ndash; CMM SIGNAL @cmmleomadrid.65 &ndash; Leo (English support) - panterarosa1772@gmail.com - Threema: JHXT6HHA\",\"isPartOf\":{\"@id\":\"https:\\\/\\\/thcparis.com\\\/#website\"},\"datePublished\":\"2024-12-14T19:36:45+00:00\",\"dateModified\":\"2025-11-19T20:46:23+00:00\",\"breadcrumb\":{\"@id\":\"https:\\\/\\\/thcparis.com\\\/index.php\\\/contact\\\/#breadcrumb\"},\"inLanguage\":\"fr-FR\",\"potentialAction\":[{\"@type\":\"ReadAction\",\"target\":[\"https:\\\/\\\/thcparis.com\\\/index.php\\\/contact\\\/\"]}]},{\"@type\":\"BreadcrumbList\",\"@id\":\"https:\\\/\\\/thcparis.com\\\/index.php\\\/contact\\\/#breadcrumb\",\"itemListElement\":[{\"@type\":\"ListItem\",\"position\":1,\"name\":\"Accueil\",\"item\":\"https:\\\/\\\/thcparis.com\\\/\"},{\"@type\":\"ListItem\",\"position\":2,\"name\":\"Contact\"}]},{\"@type\":\"WebSite\",\"@id\":\"https:\\\/\\\/thcparis.com\\\/#website\",\"url\":\"https:\\\/\\\/thcparis.com\\\/\",\"name\":\"Acheter Cannabis Paris - Livraison Cannabis - 420 france - Principal Whatsapp+34677084290 SIGNAL - yeffy (no english support) - Secundario AttCliente Whatsapp +34603657496 SIGNAL - Leo (English support) - panterarosa1772@gmail.com\",\"description\":\"fumer du cannabis, Paris, quartiers de Paris, marijuana, herbe, cannabis, THC, CBD, joints, vaporisateur, fumer en public, consommation de cannabis, l\u00e9gislation du cannabis, consommation responsable, fumer \u00e0 Paris, cannabis r\u00e9cr\u00e9atif, cannabis th\u00e9rapeutique, fum\u00e9e de cannabis, culture urbaine, Paris 1er, Paris 2e, Paris 3e, Paris 4e, Paris 5e, Paris 6e, Paris 7e, Paris 8e, Paris 9e, Paris 10e, Paris 11e, Paris 12e, Paris 13e, Paris 14e, Paris 15e, Paris 16e, Paris 17e, Paris 18e, Paris 19e, Paris 20e, Montmartre, Le Marais, Saint-Germain-des-Pr\u00e9s, Belleville, Canal Saint-Martin, Le Quartier Latin, Pigalle, Champs-\u00c9lys\u00e9es, Bastille, R\u00e9publique, Place de la Concorde, Trocad\u00e9ro, Luxembourg, Les Halles, Gare du Nord, Gare de Lyon, La D\u00e9fense, Montparnasse, Le Panth\u00e9on, Jardin des Plantes, Parc des Buttes-Chaumont, Paris intra-muros, banlieue parisienne, culture du cannabis \u00e0 Paris, r\u00e9glementation du cannabis \u00e0 Paris, consommation en dehors de chez soi, interdiction de fumer, fumer dans la rue, l\u00e9gislation sur le cannabis en France, contr\u00f4le de police, amende pour cannabis, consommation \u00e0 domicile, consommation priv\u00e9e, fumer \u00e0 domicile,\",\"publisher\":{\"@id\":\"https:\\\/\\\/thcparis.com\\\/#organization\"},\"potentialAction\":[{\"@type\":\"SearchAction\",\"target\":{\"@type\":\"EntryPoint\",\"urlTemplate\":\"https:\\\/\\\/thcparis.com\\\/?s={search_term_string}\"},\"query-input\":{\"@type\":\"PropertyValueSpecification\",\"valueRequired\":true,\"valueName\":\"search_term_string\"}}],\"inLanguage\":\"fr-FR\"},{\"@type\":\"Organization\",\"@id\":\"https:\\\/\\\/thcparis.com\\\/#organization\",\"name\":\"Acheter Cannabis Paris - Livraison Cannabis - 420 france - Principal Whatsapp+34677084290 SIGNAL - yeffy (no english support) - Secundario AttCliente Whatsapp +34603657496 SIGNAL - Leo (English support) - panterarosa1772@gmail.com\",\"url\":\"https:\\\/\\\/thcparis.com\\\/\",\"logo\":{\"@type\":\"ImageObject\",\"inLanguage\":\"fr-FR\",\"@id\":\"https:\\\/\\\/thcparis.com\\\/#\\\/schema\\\/logo\\\/image\\\/\",\"url\":\"https:\\\/\\\/thcparis.com\\\/wp-content\\\/uploads\\\/2024\\\/12\\\/cropped-images-2.jpg\",\"contentUrl\":\"https:\\\/\\\/thcparis.com\\\/wp-content\\\/uploads\\\/2024\\\/12\\\/cropped-images-2.jpg\",\"width\":512,\"height\":512,\"caption\":\"Acheter Cannabis Paris - Livraison Cannabis - 420 france - Principal Whatsapp+34677084290 SIGNAL - yeffy (no english support) - Secundario AttCliente Whatsapp +34603657496 SIGNAL - Leo (English support) - panterarosa1772@gmail.com\"},\"image\":{\"@id\":\"https:\\\/\\\/thcparis.com\\\/#\\\/schema\\\/logo\\\/image\\\/\"}}]}<\/script>\n<!-- \/ Yoast SEO plugin. -->","yoast_head_json":{"title":"Contact - Acheter Cannabis Paris - Livraison Cannabis - 420 france - Principal Whatsapp+34677084290 SIGNAL - yeffy (no english support) - Secundario AttCliente Whatsapp-Telegram +34664537342&nbsp;@cmmleomadrid.65 &ndash; CMM SIGNAL @cmmleomadrid.65 &ndash; Leo (English support) - panterarosa1772@gmail.com - Threema: JHXT6HHA","robots":{"index":"index","follow":"follow","max-snippet":"max-snippet:-1","max-image-preview":"max-image-preview:large","max-video-preview":"max-video-preview:-1"},"canonical":"https:\/\/thcparis.com\/index.php\/contact\/","og_locale":"fr_FR","og_type":"article","og_title":"Contact - Acheter Cannabis Paris - Livraison Cannabis - 420 france - Principal Whatsapp+34677084290 SIGNAL - yeffy (no english support) - Secundario AttCliente Whatsapp-Telegram +34664537342&nbsp;@cmmleomadrid.65 &ndash; CMM SIGNAL @cmmleomadrid.65 &ndash; Leo (English support) - panterarosa1772@gmail.com - Threema: JHXT6HHA","og_description":"whatsapp &amp; SIGNAL \u2013 Principal Whatsapp+34677084290 SIGNAL \u2013 yeffy (no english support) \u2013 @cmmleomadrid.65 signal leo\u00a0 Secundario AttCliente new email panterarosa1772@gmail.com LEO &#8211; +34664537342 telegram @cmmtop25 safe email: cmmtlc@protonmail.com &nbsp; no telegram Please Download Threema Appto your Mobile Device and click again","og_url":"https:\/\/thcparis.com\/index.php\/contact\/","og_site_name":"Acheter Cannabis Paris - Livraison Cannabis - 420 france - Principal Whatsapp+34677084290 SIGNAL - yeffy (no english support) - Secundario AttCliente Whatsapp-Telegram +34664537342&nbsp;@cmmleomadrid.65 &ndash; CMM SIGNAL @cmmleomadrid.65 &ndash; Leo (English support) - panterarosa1772@gmail.com - Threema: JHXT6HHA","article_modified_time":"2025-11-19T20:46:23+00:00","twitter_card":"summary_large_image","twitter_misc":{"Dur\u00e9e de lecture estim\u00e9e":"1 minute"},"schema":{"@context":"https:\/\/schema.org","@graph":[{"@type":"WebPage","@id":"https:\/\/thcparis.com\/index.php\/contact\/","url":"https:\/\/thcparis.com\/index.php\/contact\/","name":"Contact - Acheter Cannabis Paris - Livraison Cannabis - 420 france - Principal Whatsapp+34677084290 SIGNAL - yeffy (no english support) - Secundario AttCliente Whatsapp-Telegram +34664537342&nbsp;@cmmleomadrid.65 &ndash; CMM SIGNAL @cmmleomadrid.65 &ndash; Leo (English support) - panterarosa1772@gmail.com - Threema: JHXT6HHA","isPartOf":{"@id":"https:\/\/thcparis.com\/#website"},"datePublished":"2024-12-14T19:36:45+00:00","dateModified":"2025-11-19T20:46:23+00:00","breadcrumb":{"@id":"https:\/\/thcparis.com\/index.php\/contact\/#breadcrumb"},"inLanguage":"fr-FR","potentialAction":[{"@type":"ReadAction","target":["https:\/\/thcparis.com\/index.php\/contact\/"]}]},{"@type":"BreadcrumbList","@id":"https:\/\/thcparis.com\/index.php\/contact\/#breadcrumb","itemListElement":[{"@type":"ListItem","position":1,"name":"Accueil","item":"https:\/\/thcparis.com\/"},{"@type":"ListItem","position":2,"name":"Contact"}]},{"@type":"WebSite","@id":"https:\/\/thcparis.com\/#website","url":"https:\/\/thcparis.com\/","name":"Acheter Cannabis Paris - Livraison Cannabis - 420 france - Principal Whatsapp+34677084290 SIGNAL - yeffy (no english support) - Secundario AttCliente Whatsapp +34603657496 SIGNAL - Leo (English support) - panterarosa1772@gmail.com","description":"fumer du cannabis, Paris, quartiers de Paris, marijuana, herbe, cannabis, THC, CBD, joints, vaporisateur, fumer en public, consommation de cannabis, l\u00e9gislation du cannabis, consommation responsable, fumer \u00e0 Paris, cannabis r\u00e9cr\u00e9atif, cannabis th\u00e9rapeutique, fum\u00e9e de cannabis, culture urbaine, Paris 1er, Paris 2e, Paris 3e, Paris 4e, Paris 5e, Paris 6e, Paris 7e, Paris 8e, Paris 9e, Paris 10e, Paris 11e, Paris 12e, Paris 13e, Paris 14e, Paris 15e, Paris 16e, Paris 17e, Paris 18e, Paris 19e, Paris 20e, Montmartre, Le Marais, Saint-Germain-des-Pr\u00e9s, Belleville, Canal Saint-Martin, Le Quartier Latin, Pigalle, Champs-\u00c9lys\u00e9es, Bastille, R\u00e9publique, Place de la Concorde, Trocad\u00e9ro, Luxembourg, Les Halles, Gare du Nord, Gare de Lyon, La D\u00e9fense, Montparnasse, Le Panth\u00e9on, Jardin des Plantes, Parc des Buttes-Chaumont, Paris intra-muros, banlieue parisienne, culture du cannabis \u00e0 Paris, r\u00e9glementation du cannabis \u00e0 Paris, consommation en dehors de chez soi, interdiction de fumer, fumer dans la rue, l\u00e9gislation sur le cannabis en France, contr\u00f4le de police, amende pour cannabis, consommation \u00e0 domicile, consommation priv\u00e9e, fumer \u00e0 domicile,","publisher":{"@id":"https:\/\/thcparis.com\/#organization"},"potentialAction":[{"@type":"SearchAction","target":{"@type":"EntryPoint","urlTemplate":"https:\/\/thcparis.com\/?s={search_term_string}"},"query-input":{"@type":"PropertyValueSpecification","valueRequired":true,"valueName":"search_term_string"}}],"inLanguage":"fr-FR"},{"@type":"Organization","@id":"https:\/\/thcparis.com\/#organization","name":"Acheter Cannabis Paris - Livraison Cannabis - 420 france - Principal Whatsapp+34677084290 SIGNAL - yeffy (no english support) - Secundario AttCliente Whatsapp +34603657496 SIGNAL - Leo (English support) - panterarosa1772@gmail.com","url":"https:\/\/thcparis.com\/","logo":{"@type":"ImageObject","inLanguage":"fr-FR","@id":"https:\/\/thcparis.com\/#\/schema\/logo\/image\/","url":"https:\/\/thcparis.com\/wp-content\/uploads\/2024\/12\/cropped-images-2.jpg","contentUrl":"https:\/\/thcparis.com\/wp-content\/uploads\/2024\/12\/cropped-images-2.jpg","width":512,"height":512,"caption":"Acheter Cannabis Paris - Livraison Cannabis - 420 france - Principal Whatsapp+34677084290 SIGNAL - yeffy (no english support) - Secundario AttCliente Whatsapp +34603657496 SIGNAL - Leo (English support) - panterarosa1772@gmail.com"},"image":{"@id":"https:\/\/thcparis.com\/#\/schema\/logo\/image\/"}}]}},"_links":{"self":[{"href":"https:\/\/thcparis.com\/index.php\/wp-json\/wp\/v2\/pages\/8","targetHints":{"allow":["GET"]}}],"collection":[{"href":"https:\/\/thcparis.com\/index.php\/wp-json\/wp\/v2\/pages"}],"about":[{"href":"https:\/\/thcparis.com\/index.php\/wp-json\/wp\/v2\/types\/page"}],"author":[{"embeddable":true,"href":"https:\/\/thcparis.com\/index.php\/wp-json\/wp\/v2\/users\/1"}],"replies":[{"embeddable":true,"href":"https:\/\/thcparis.com\/index.php\/wp-json\/wp\/v2\/comments?post=8"}],"version-history":[{"count":2,"href":"https:\/\/thcparis.com\/index.php\/wp-json\/wp\/v2\/pages\/8\/revisions"}],"predecessor-version":[{"id":270,"href":"https:\/\/thcparis.com\/index.php\/wp-json\/wp\/v2\/pages\/8\/revisions\/270"}],"wp:attachment":[{"href":"https:\/\/thcparis.com\/index.php\/wp-json\/wp\/v2\/media?parent=8"}],"curies":[{"name":"wp","href":"https:\/\/api.w.org\/{rel}","templated":true}]}}